{"id":228,"date":"2020-05-26T12:37:53","date_gmt":"2020-05-26T10:37:53","guid":{"rendered":"https:\/\/hobbies.bibibo.de\/?page_id=228"},"modified":"2022-08-17T09:33:15","modified_gmt":"2022-08-17T07:33:15","slug":"ueberblick","status":"publish","type":"page","link":"https:\/\/hobbies.bibibo.info\/","title":{"rendered":"\u00dcbersicht"},"content":{"rendered":"\n<p class=\"has-text-align-center has-accent-background-color has-background has-medium-font-size\"><strong>HOBBYS: Jeder kann sich beteiligen und mitgestalten.<\/strong><br>Schreiben Sie uns: <strong><a href=\"mailto:info@biebertaler-bilderbogen.de\">info@biebertaler-bilderbogen.de<\/a><\/strong><\/p>\n\n\n\n<hr class=\"wp-block-separator\"\/>\n\n\n\n<div class=\"wp-block-columns is-layout-flex wp-container-core-columns-is-layout-28f84493 wp-block-columns-is-layout-flex\">\n<div class=\"wp-block-column is-layout-flow wp-block-column-is-layout-flow\">\n<h3 class=\"has-text-align-center wp-block-heading\"><a rel=\"noreferrer noopener\" href=\"https:\/\/hobbies.bibibo.info\/kultur\/\" target=\"_blank\">Kulturelles<\/a><\/h3>\n\n\n\n<figure class=\"wp-block-image\"><img decoding=\"async\" src=\"https:\/\/hobbies.bibibo.info\/wp-content\/uploads\/2020\/05\/Kultur-1-1024x768.jpg\" alt=\"Kultur\"\/><\/figure>\n\n\n\n<p class=\"has-text-align-center\"><strong>Ausstellungen<\/strong><\/p>\n\n\n\n<h3 class=\"has-text-align-center wp-block-heading\"><a rel=\"noreferrer noopener\" href=\"https:\/\/hobbies.bibibo.info\/buecher\/\" target=\"_blank\">B\u00fccher<\/a><\/h3>\n\n\n\n<figure class=\"wp-block-image size-full\"><img loading=\"lazy\" decoding=\"async\" width=\"509\" height=\"340\" src=\"https:\/\/hobbies.bibibo.info\/wp-content\/uploads\/2020\/11\/books-1655783__340.jpg\" alt=\"B\u00fccherkultur\" class=\"wp-image-601\" srcset=\"https:\/\/hobbies.bibibo.info\/wp-content\/uploads\/2020\/11\/books-1655783__340.jpg 509w, https:\/\/hobbies.bibibo.info\/wp-content\/uploads\/2020\/11\/books-1655783__340-300x200.jpg 300w, https:\/\/hobbies.bibibo.info\/wp-content\/uploads\/2020\/11\/books-1655783__340-120x80.jpg 120w\" sizes=\"auto, (max-width: 509px) 100vw, 509px\" \/><\/figure>\n\n\n\n<ul class=\"wp-block-list\"><li><a rel=\"noreferrer noopener\" href=\"http:\/\/B\u00fccher mit und \u00fcber Biebertal\" target=\"_blank\"><strong>von, mit, \u00fcber Biebertal<\/strong><\/a><\/li><li><a rel=\"noreferrer noopener\" href=\"https:\/\/hobbies.bibibo.info\/buecher-lesenswert\/\" target=\"_blank\"><strong>f\u00fcr lesenswert erachtet<\/strong><\/a><\/li><\/ul>\n\n\n\n<h3 class=\"has-text-align-center wp-block-heading\"><a rel=\"noreferrer noopener\" href=\"https:\/\/hobbies.bibibo.info\/wp-admin\/post.php?post=408&amp;action=edit\" target=\"_blank\">Spiele<\/a><\/h3>\n\n\n\n<figure class=\"wp-block-image\"><img decoding=\"async\" src=\"https:\/\/hobbies.bibibo.info\/wp-content\/uploads\/2020\/08\/20117088_10154537442735957_9072884085187512981_o-1024x341.jpg\" alt=\"Dieses Bild hat ein leeres Alt-Attribut. Der Dateiname ist 20117088_10154537442735957_9072884085187512981_o-1024x341.jpg\"\/><figcaption> Online-Spiel Die Siedler online <\/figcaption><\/figure>\n\n\n\n<ul class=\"wp-block-list\" id=\"block-186f6c18-11b2-40dd-afa2-cb521d02c991\"><li><a rel=\"noreferrer noopener\" href=\"https:\/\/hobbies.bibibo.info\/die-siedler-online-baue-deine-eigene-siedlung\/\" target=\"_blank\"><strong>Die Siedler online (DSO)<\/strong><\/a><\/li><li><a rel=\"noreferrer noopener\" href=\"https:\/\/nachrichten.biebertaler-bilderbogen.de\/pokemon-go\/\" target=\"_blank\"><strong>Pokemon Go<\/strong><\/a><\/li><\/ul>\n<\/div>\n\n\n\n<div class=\"wp-block-column is-layout-flow wp-block-column-is-layout-flow\">\n<h3 class=\"has-text-align-center wp-block-heading\"><a rel=\"noreferrer noopener\" href=\"https:\/\/hobbies.bibibo.info\/gaertnern\/\" target=\"_blank\">Pflanzen<\/a><\/h3>\n\n\n\n<figure class=\"wp-block-image size-large\"><img loading=\"lazy\" decoding=\"async\" width=\"1024\" height=\"677\" src=\"https:\/\/hobbies.bibibo.info\/wp-content\/uploads\/2020\/04\/FarbenGr\u00f6\u00dfenP1120050-1024x677.jpg\" alt=\"\" class=\"wp-image-135\" srcset=\"https:\/\/hobbies.bibibo.info\/wp-content\/uploads\/2020\/04\/FarbenGr\u00f6\u00dfenP1120050-1024x677.jpg 1024w, https:\/\/hobbies.bibibo.info\/wp-content\/uploads\/2020\/04\/FarbenGr\u00f6\u00dfenP1120050-300x198.jpg 300w, https:\/\/hobbies.bibibo.info\/wp-content\/uploads\/2020\/04\/FarbenGr\u00f6\u00dfenP1120050-768x508.jpg 768w, https:\/\/hobbies.bibibo.info\/wp-content\/uploads\/2020\/04\/FarbenGr\u00f6\u00dfenP1120050-1536x1016.jpg 1536w, https:\/\/hobbies.bibibo.info\/wp-content\/uploads\/2020\/04\/FarbenGr\u00f6\u00dfenP1120050-2048x1354.jpg 2048w, https:\/\/hobbies.bibibo.info\/wp-content\/uploads\/2020\/04\/FarbenGr\u00f6\u00dfenP1120050-120x80.jpg 120w\" sizes=\"auto, (max-width: 1024px) 100vw, 1024px\" \/><\/figure>\n\n\n\n<ul class=\"wp-block-list\"><li><strong><a rel=\"noreferrer noopener\" href=\"https:\/\/hobbies.bibibo.info\/chrysanthemen-von-eveline\/\" target=\"_blank\">Chrysanthemen <\/a><\/strong>von Eveline<\/li><li><strong><a rel=\"noreferrer noopener\" href=\"https:\/\/hobbies.bibibo.info\/christrosen\/\" target=\"_blank\">Lenzrosen <\/a><\/strong>von Eveline<\/li><li><strong><a rel=\"noreferrer noopener\" href=\"https:\/\/hobbies.bibibo.info\/kakteen\/\" target=\"_blank\">Kakteen<\/a> <\/strong>von Friedhelm<\/li><li><strong><a rel=\"noreferrer noopener\" href=\"https:\/\/hobbies.bibibo.info\/kakteen-von-michael-pfeiffer\/\" target=\"_blank\">Freiland-Kakteen<\/a><\/strong> von Michae<\/li><\/ul>\n\n\n\n<h3 class=\"has-text-align-center wp-block-heading\"><a rel=\"noreferrer noopener\" href=\"https:\/\/hobbies.bibibo.info\/tiere\/\" target=\"_blank\">&#8222;Haus&#8220;-Tiere<\/a><\/h3>\n\n\n\n<figure class=\"wp-block-image size-large\"><img loading=\"lazy\" decoding=\"async\" width=\"1024\" height=\"683\" src=\"https:\/\/hobbies.bibibo.info\/wp-content\/uploads\/2021\/01\/DSC_4600-1024x683.jpg\" alt=\"Alpaka\" class=\"wp-image-6308\" srcset=\"https:\/\/hobbies.bibibo.info\/wp-content\/uploads\/2021\/01\/DSC_4600-1024x683.jpg 1024w, https:\/\/hobbies.bibibo.info\/wp-content\/uploads\/2021\/01\/DSC_4600-300x200.jpg 300w, https:\/\/hobbies.bibibo.info\/wp-content\/uploads\/2021\/01\/DSC_4600-768x512.jpg 768w, https:\/\/hobbies.bibibo.info\/wp-content\/uploads\/2021\/01\/DSC_4600-1536x1024.jpg 1536w, https:\/\/hobbies.bibibo.info\/wp-content\/uploads\/2021\/01\/DSC_4600-2048x1365.jpg 2048w, https:\/\/hobbies.bibibo.info\/wp-content\/uploads\/2021\/01\/DSC_4600-120x80.jpg 120w\" sizes=\"auto, (max-width: 1024px) 100vw, 1024px\" \/><figcaption>Alpaka Diego mit Burgen<\/figcaption><\/figure>\n\n\n\n<ul class=\"wp-block-list\"><li><strong><a rel=\"noreferrer noopener\" href=\"https:\/\/hobbies.bibibo.info\/alpakas\/\" target=\"_blank\">Alpakas<\/a><\/strong><\/li><li><strong><a rel=\"noreferrer noopener\" href=\"https:\/\/hobbies.bibibo.info\/heidschnucken\/\" target=\"_blank\">Heidschnucken<\/a><\/strong><\/li><li><strong><a href=\"https:\/\/hobbies.bibibo.info\/ausstellung-des-kleintierzuchtvereins-2019\/\" target=\"_blank\" rel=\"noreferrer noopener\">Sundheimer<\/a><\/strong><\/li><li><strong><a rel=\"noreferrer noopener\" href=\"https:\/\/hobbies.bibibo.info\/zwergseidenhuehner\/\" target=\"_blank\">Zwergseidenh\u00fchner<\/a><\/strong><\/li><\/ul>\n<\/div>\n\n\n\n<div class=\"wp-block-column is-layout-flow wp-block-column-is-layout-flow\">\n<h3 class=\"has-text-align-center wp-block-heading\"><a rel=\"noreferrer noopener\" href=\"https:\/\/hobbies.bibibo.info\/technik\/\" target=\"_blank\">Technik und Naturwissenschaften<\/a><\/h3>\n\n\n\n<figure class=\"wp-block-image size-large is-resized\"><img loading=\"lazy\" decoding=\"async\" src=\"https:\/\/hobbies.bibibo.info\/wp-content\/uploads\/2020\/05\/Technologie-1024x455.jpg\" alt=\"Technik\" class=\"wp-image-232\" width=\"326\" height=\"144\" srcset=\"https:\/\/hobbies.bibibo.info\/wp-content\/uploads\/2020\/05\/Technologie-1024x455.jpg 1024w, https:\/\/hobbies.bibibo.info\/wp-content\/uploads\/2020\/05\/Technologie-300x133.jpg 300w, https:\/\/hobbies.bibibo.info\/wp-content\/uploads\/2020\/05\/Technologie-768x341.jpg 768w, https:\/\/hobbies.bibibo.info\/wp-content\/uploads\/2020\/05\/Technologie-1536x682.jpg 1536w, https:\/\/hobbies.bibibo.info\/wp-content\/uploads\/2020\/05\/Technologie.jpg 1920w\" sizes=\"auto, (max-width: 326px) 100vw, 326px\" \/><\/figure>\n\n\n\n<ul class=\"wp-block-list\"><li><a rel=\"noreferrer noopener\" href=\"https:\/\/treffpunkte.biebertaler-bilderbogen.de\/computer-technik\/\" target=\"_blank\"><strong>Computer-Technik<\/strong><\/a><\/li><li><strong><a rel=\"noreferrer noopener\" href=\"https:\/\/hobbies.bibibo.info\/elektronik\/\" target=\"_blank\">Elektronik<\/a><\/strong> \/ Makerszene<\/li><li><a rel=\"noreferrer noopener\" href=\"https:\/\/hobbies.bibibo.info\/modellflug\/\" target=\"_blank\"><\/a>Umwelt-Me\u00dftechnik<\/li><li><strong><a rel=\"noreferrer noopener\" href=\"https:\/\/hobbies.bibibo.info\/funktechnik\/\" target=\"_blank\">Funk-Technik<\/a><\/strong><\/li><li><a rel=\"noreferrer noopener\" href=\"https:\/\/hobbies.bibibo.info\/modellflug\/\" target=\"_blank\"><strong>Modellflug<\/strong><\/a><\/li><\/ul>\n\n\n\n<h3 class=\"has-text-align-center wp-block-heading\"><a rel=\"noreferrer noopener\" href=\"https:\/\/hobbies.bibibo.info\/foto-video\/\" target=\"_blank\">Foto-Video<\/a><\/h3>\n\n\n\n<figure class=\"wp-block-image size-large\"><a href=\"https:\/\/hobbies.bibibo.info\/foto-video\/\" target=\"_blank\" rel=\"noopener noreferrer\"><img loading=\"lazy\" decoding=\"async\" width=\"1024\" height=\"955\" src=\"https:\/\/hobbies.bibibo.info\/wp-content\/uploads\/2020\/04\/Rote-Balgfr\u00fcchteIMG_3795-1920-1024x955.jpg\" alt=\"\" class=\"wp-image-138\" srcset=\"https:\/\/hobbies.bibibo.info\/wp-content\/uploads\/2020\/04\/Rote-Balgfr\u00fcchteIMG_3795-1920-1024x955.jpg 1024w, https:\/\/hobbies.bibibo.info\/wp-content\/uploads\/2020\/04\/Rote-Balgfr\u00fcchteIMG_3795-1920-300x280.jpg 300w, https:\/\/hobbies.bibibo.info\/wp-content\/uploads\/2020\/04\/Rote-Balgfr\u00fcchteIMG_3795-1920-768x716.jpg 768w, https:\/\/hobbies.bibibo.info\/wp-content\/uploads\/2020\/04\/Rote-Balgfr\u00fcchteIMG_3795-1920-1536x1433.jpg 1536w, https:\/\/hobbies.bibibo.info\/wp-content\/uploads\/2020\/04\/Rote-Balgfr\u00fcchteIMG_3795-1920.jpg 1920w\" sizes=\"auto, (max-width: 1024px) 100vw, 1024px\" \/><\/a><\/figure>\n\n\n\n<h3 class=\"has-text-align-center wp-block-heading\">Sport<\/h3>\n\n\n\n<div class=\"wp-block-image\"><figure class=\"aligncenter size-large is-resized\"><img loading=\"lazy\" decoding=\"async\" src=\"https:\/\/hobbies.bibibo.info\/wp-content\/uploads\/2021\/10\/P1130833-1024x576.jpg\" alt=\"\" class=\"wp-image-7849\" width=\"302\" height=\"170\" srcset=\"https:\/\/hobbies.bibibo.info\/wp-content\/uploads\/2021\/10\/P1130833-1024x576.jpg 1024w, https:\/\/hobbies.bibibo.info\/wp-content\/uploads\/2021\/10\/P1130833-300x169.jpg 300w, https:\/\/hobbies.bibibo.info\/wp-content\/uploads\/2021\/10\/P1130833-768x432.jpg 768w, https:\/\/hobbies.bibibo.info\/wp-content\/uploads\/2021\/10\/P1130833-1536x865.jpg 1536w, https:\/\/hobbies.bibibo.info\/wp-content\/uploads\/2021\/10\/P1130833-2048x1153.jpg 2048w\" sizes=\"auto, (max-width: 302px) 100vw, 302px\" \/><\/figure><\/div>\n\n\n\n<ul class=\"wp-block-list\"><li><strong><a href=\"https:\/\/hobbies.bibibo.info\/facebook-gruppe-zum-duensberg-bergrennen-1968-1989\/\" target=\"_blank\" rel=\"noreferrer noopener\">Facebook-Gruppe D\u00fcnsbergrennen<\/a><\/strong><\/li><li><\/li><\/ul>\n<\/div>\n<\/div>\n\n\n\n<hr class=\"wp-block-separator is-style-wide\"\/>\n\n\n\n<p><\/p>\n","protected":false},"excerpt":{"rendered":"<p>HOBBYS: Jeder kann sich beteiligen und mitgestalten.Schreiben Sie uns: info@biebertaler-bilderbogen.de Kulturelles Ausstellungen B\u00fccher von, mit, \u00fcber Biebertal f\u00fcr lesenswert erachtet Spiele Die Siedler online (DSO) Pokemon Go Pflanzen Chrysanthemen von Eveline Lenzrosen von Eveline Kakteen von Friedhelm Freiland-Kakteen von Michae &#8222;Haus&#8220;-Tiere Alpakas Heidschnucken Sundheimer Zwergseidenh\u00fchner Technik und Naturwissenschaften Computer-Technik Elektronik \/ Makerszene Umwelt-Me\u00dftechnik Funk-Technik Modellflug &hellip; <\/p>\n<p class=\"link-more\"><a href=\"https:\/\/hobbies.bibibo.info\/\" class=\"more-link\">Mehr <span class=\"screen-reader-text\">\u00fcber &#8222;\u00dcbersicht&#8220; <\/span>Lesen<\/a><\/p>\n","protected":false},"author":5,"featured_media":0,"parent":0,"menu_order":0,"comment_status":"closed","ping_status":"closed","template":"","meta":{"inspiro_hide_title":false,"footnotes":""},"class_list":["post-228","page","type-page","status-publish","hentry"],"_links":{"self":[{"href":"https:\/\/hobbies.bibibo.info\/index.php?rest_route=\/wp\/v2\/pages\/228","targetHints":{"allow":["GET"]}}],"collection":[{"href":"https:\/\/hobbies.bibibo.info\/index.php?rest_route=\/wp\/v2\/pages"}],"about":[{"href":"https:\/\/hobbies.bibibo.info\/index.php?rest_route=\/wp\/v2\/types\/page"}],"author":[{"embeddable":true,"href":"https:\/\/hobbies.bibibo.info\/index.php?rest_route=\/wp\/v2\/users\/5"}],"replies":[{"embeddable":true,"href":"https:\/\/hobbies.bibibo.info\/index.php?rest_route=%2Fwp%2Fv2%2Fcomments&post=228"}],"version-history":[{"count":76,"href":"https:\/\/hobbies.bibibo.info\/index.php?rest_route=\/wp\/v2\/pages\/228\/revisions"}],"predecessor-version":[{"id":8055,"href":"https:\/\/hobbies.bibibo.info\/index.php?rest_route=\/wp\/v2\/pages\/228\/revisions\/8055"}],"wp:attachment":[{"href":"https:\/\/hobbies.bibibo.info\/index.php?rest_route=%2Fwp%2Fv2%2Fmedia&parent=228"}],"curies":[{"name":"wp","href":"https:\/\/api.w.org\/{rel}","templated":true}]}}