{"id":274,"date":"2020-07-19T17:34:54","date_gmt":"2020-07-19T15:34:54","guid":{"rendered":"https:\/\/hobbies.bibibo.de\/?page_id=274"},"modified":"2020-10-20T12:27:48","modified_gmt":"2020-10-20T10:27:48","slug":"elektronik","status":"publish","type":"page","link":"https:\/\/hobbies.bibibo.info\/?page_id=274","title":{"rendered":"Digitalisierung in Umwelt-Natur-Wissenschaft"},"content":{"rendered":"\n<h4 class=\"wp-block-heading\">Digitalisierung als neues Projekt in Biebertal<\/h4>\n\n\n\n<p>In der aktuellen Zeit wird die <strong>Digitalisierung in den Vordergrund<\/strong> ger\u00fcckt. Die Video-Kommunikation in Betrieben aber auch zwischen den Generationen ist inzwischen allen bekannt.<br><strong>Hinter der Nutzung dieser Technik steht die Technik selbs<\/strong>t und auch da gibt es viel Spannendes zu erleben, In den Schulen l\u00e4uft dies unter dem K\u00fcrzel MINT, im Hobby-Bereich unter dem Namen MAKER.<\/p>\n\n\n\n<p><strong>MINT<\/strong> = <strong>M<\/strong>athematik,<strong> I<\/strong>nformatik, <strong>N<\/strong>aturwissenschaft, <strong>T<\/strong>echnik<\/p>\n\n\n\n<p><strong>Ohne Elekronik w\u00e4re unser Alltag v\u00f6llig anders.<\/strong> Und heutzutage gibt es kaum noch reine analoge Elektronik. Die meisten Sensoren erfassen allerdings noch immer die Werte wie Temperatur usw. analog und wandeln diese sofort in digitatelWerte um. <\/p>\n\n\n\n<div class=\"wp-block-media-text alignwide is-stacked-on-mobile\" style=\"grid-template-columns:32% auto\"><figure class=\"wp-block-media-text__media\"><img decoding=\"async\" src=\"https:\/\/hobbies.bibibo.info\/wp-content\/uploads\/2020\/07\/Elektronik.png\" alt=\"\" class=\"wp-image-277\"\/><\/figure><div class=\"wp-block-media-text__content\">\n<p class=\"has-normal-font-size\">Eine kleine Platine mir vollst\u00e4ndigem Computer (linke H\u00e4lfte &#8222;Arduino nano&#8220;) mit  einer &#8222;Bluetooth&#8220; Funkstrecke. Die linke H\u00e4lfte der Platine kostet weniger als 5 \u20ac, die rechte H\u00e4lfte mit dem Funk-Teil ebenso. Die Software ist kostenlos im Internet vorhanden und gen\u00fcgend Anleitungen gibt es auch.<\/p>\n<\/div><\/div>\n\n\n\n<p>Die Weiterbearbeitung der erfassten Werte erfolgt dann \u00fcber Kabel oder \u00fcber<a href=\"https:\/\/hobbies.bibibo.info\/funktechnik\/\" target=\"_blank\" rel=\"noreferrer noopener\"> <strong>Funk<\/strong><\/a>. Zur Einsatz kommen fast immer komplette Bausteine, die auch mit der passenden Software geliefert werden. <\/p>\n\n\n\n<p class=\"has-text-align-center\"><strong>Wer in jungen Jahren sich f\u00fcr diese Technik interessiert, wird zu keiner Zeit Berufsprobleme haben.<\/strong><\/p>\n\n\n\n<p><strong> Wer Interesse hat, kann mitmachen.<\/strong><\/p>\n","protected":false},"excerpt":{"rendered":"<p>Digitalisierung als neues Projekt in Biebertal In der aktuellen Zeit wird die Digitalisierung in den Vordergrund ger\u00fcckt. Die Video-Kommunikation in Betrieben aber auch zwischen den Generationen ist inzwischen allen bekannt.Hinter der Nutzung dieser Technik steht die Technik selbst und auch da gibt es viel Spannendes zu erleben, In den Schulen l\u00e4uft dies unter dem K\u00fcrzel &hellip; <\/p>\n<p class=\"link-more\"><a href=\"https:\/\/hobbies.bibibo.info\/?page_id=274\" class=\"more-link\">Mehr <span class=\"screen-reader-text\">\u00fcber &#8222;Digitalisierung in Umwelt-Natur-Wissenschaft&#8220; <\/span>Lesen<\/a><\/p>\n","protected":false},"author":1,"featured_media":0,"parent":0,"menu_order":0,"comment_status":"closed","ping_status":"closed","template":"","meta":{"inspiro_hide_title":false,"footnotes":""},"class_list":["post-274","page","type-page","status-publish","hentry"],"_links":{"self":[{"href":"https:\/\/hobbies.bibibo.info\/index.php?rest_route=\/wp\/v2\/pages\/274","targetHints":{"allow":["GET"]}}],"collection":[{"href":"https:\/\/hobbies.bibibo.info\/index.php?rest_route=\/wp\/v2\/pages"}],"about":[{"href":"https:\/\/hobbies.bibibo.info\/index.php?rest_route=\/wp\/v2\/types\/page"}],"author":[{"embeddable":true,"href":"https:\/\/hobbies.bibibo.info\/index.php?rest_route=\/wp\/v2\/users\/1"}],"replies":[{"embeddable":true,"href":"https:\/\/hobbies.bibibo.info\/index.php?rest_route=%2Fwp%2Fv2%2Fcomments&post=274"}],"version-history":[{"count":12,"href":"https:\/\/hobbies.bibibo.info\/index.php?rest_route=\/wp\/v2\/pages\/274\/revisions"}],"predecessor-version":[{"id":529,"href":"https:\/\/hobbies.bibibo.info\/index.php?rest_route=\/wp\/v2\/pages\/274\/revisions\/529"}],"wp:attachment":[{"href":"https:\/\/hobbies.bibibo.info\/index.php?rest_route=%2Fwp%2Fv2%2Fmedia&parent=274"}],"curies":[{"name":"wp","href":"https:\/\/api.w.org\/{rel}","templated":true}]}}