{"id":287,"date":"2020-07-20T09:33:26","date_gmt":"2020-07-20T07:33:26","guid":{"rendered":"https:\/\/hobbies.bibibo.de\/?page_id=287"},"modified":"2021-02-15T19:09:08","modified_gmt":"2021-02-15T18:09:08","slug":"computer-technik","status":"publish","type":"page","link":"https:\/\/hobbies.bibibo.info\/?page_id=287","title":{"rendered":"Computer-Tipps &#038; Themen"},"content":{"rendered":"\n<h5 class=\"has-text-align-center wp-block-heading\"><em>Diese Seite ist im Entstehen.<\/em><\/h5>\n\n\n\n<p class=\"has-text-align-center has-small-font-size\"><strong><span style=\"color:#8301b6\" class=\"has-inline-color\"><br><\/span><span style=\"color:#6b0393\" class=\"has-inline-color\">Die hier ver\u00f6ffentlichten Informationen haben als Grundlage die Erstellung, Pflege und Weiterentwicklung des Biebertaler Bilderbogens. Da wir, das TEAM, alles selbst machen, werden auf dieser Seite unsere Erfahrungen festgehalten. <br><\/span><span style=\"color:#067404\" class=\"has-inline-color\">Diese Erfahrungen sind daher alle pers\u00f6nlicher Natur. <\/span><\/strong><br><strong><span style=\"color:#067404\" class=\"has-inline-color\">Ein allgemeiner Ratgeber k\u00f6nnen und sollen diese Inhalte nicht werden.<\/span><\/strong><\/p>\n\n\n\n<p class=\"has-text-align-center has-small-font-size\"><strong><a href=\"https:\/\/hobbies.bibibo.info\/einfuehrung-computer-tipps-themen\/\" target=\"_blank\" rel=\"noreferrer noopener\">Einf\u00fchrung in dieses vielf\u00e4ltige Thema<\/a><\/strong><\/p>\n\n\n\n<h3 class=\"has-text-align-center wp-block-heading\">Das Handy als Grundlage f\u00fcr Tips und Hilfe<\/h3>\n\n\n\n<div class=\"wp-block-columns is-layout-flex wp-container-core-columns-is-layout-28f84493 wp-block-columns-is-layout-flex\">\n<div class=\"wp-block-column is-layout-flow wp-block-column-is-layout-flow\" style=\"flex-basis:33.33%\">\n<div class=\"wp-block-image\"><figure class=\"aligncenter size-large\"><img loading=\"lazy\" decoding=\"async\" width=\"490\" height=\"291\" src=\"https:\/\/hobbies.bibibo.info\/wp-content\/uploads\/2021\/01\/Fernwartung-per-Handy.jpg\" alt=\"\" class=\"wp-image-6380\" srcset=\"https:\/\/hobbies.bibibo.info\/wp-content\/uploads\/2021\/01\/Fernwartung-per-Handy.jpg 490w, https:\/\/hobbies.bibibo.info\/wp-content\/uploads\/2021\/01\/Fernwartung-per-Handy-300x178.jpg 300w\" sizes=\"auto, (max-width: 490px) 100vw, 490px\" \/><\/figure><\/div>\n<\/div>\n\n\n\n<div class=\"wp-block-column is-layout-flow wp-block-column-is-layout-flow\" style=\"flex-basis:66.66%\">\n<p class=\"has-normal-font-size\"><strong>Wenn der Computer zu Hause Probleme macht<\/strong>, so macht es Sinn, mit dem funktionierenden Handy <strong><span class=\"has-inline-color has-primary-color\"> Fernwartung Tips und Hilfe<\/span><\/strong> zu geben. Nat\u00fcrlich geht es pers\u00f6nlich vor Ort besser, machmal geht dieses jedoch nicht. Dann hilft <strong>das Video-Telefonat und die Fernwartung mittels Handy<\/strong>.<br><em><span class=\"has-inline-color has-primary-color\">Wie das geht, wird demn\u00e4chst an dieser Stelle<\/span><\/em> <em><span class=\"has-inline-color has-primary-color\">weiterverlinkt.<\/span><\/em><\/p>\n<\/div>\n<\/div>\n\n\n\n<div class=\"wp-block-columns is-layout-flex wp-container-core-columns-is-layout-28f84493 wp-block-columns-is-layout-flex\">\n<div class=\"wp-block-column is-layout-flow wp-block-column-is-layout-flow\"><\/div>\n\n\n\n<div class=\"wp-block-column is-layout-flow wp-block-column-is-layout-flow\"><\/div>\n\n\n\n<div class=\"wp-block-column is-layout-flow wp-block-column-is-layout-flow\"><\/div>\n<\/div>\n\n\n\n<hr class=\"wp-block-separator has-text-color has-background is-style-wide\" style=\"background-color:#00a394;color:#00a394\"\/>\n\n\n\n<h3 class=\"has-text-align-center wp-block-heading\">Software im Einsatz des Biebertaler-BilderBogen<\/h3>\n\n\n\n<div class=\"wp-block-columns is-layout-flex wp-container-core-columns-is-layout-28f84493 wp-block-columns-is-layout-flex\">\n<div class=\"wp-block-column is-layout-flow wp-block-column-is-layout-flow\">\n<div class=\"wp-block-columns is-layout-flex wp-container-core-columns-is-layout-28f84493 wp-block-columns-is-layout-flex\">\n<div class=\"wp-block-column is-layout-flow wp-block-column-is-layout-flow\">\n<h4 class=\"has-text-align-center wp-block-heading\">Windows<\/h4>\n\n\n\n<ul class=\"wp-block-list\"><li><a href=\"https:\/\/hobbies.bibibo.info\/news-ticker-windows-10\/\" target=\"_blank\" rel=\"noreferrer noopener\"><strong>NEWS-Ticker<\/strong><\/a><\/li><\/ul>\n<\/div>\n\n\n\n<div class=\"wp-block-column is-layout-flow wp-block-column-is-layout-flow\">\n<h4 class=\"has-text-align-center wp-block-heading\">Sicherheit<\/h4>\n\n\n\n<ul class=\"wp-block-list\"><li><a rel=\"noreferrer noopener\" href=\"https:\/\/hobbies.bibibo.info\/passwoerter\/\" target=\"_blank\"><strong>Passw\u00f6rter<\/strong><\/a><\/li><li><a href=\"https:\/\/hobbies.bibibo.info\/viren-und-andere-bedrohungen\/\" target=\"_blank\" rel=\"noreferrer noopener\"><strong>Viren<\/strong><\/a><\/li><li>Wartung<\/li><\/ul>\n<\/div>\n<\/div>\n<\/div>\n\n\n\n<div class=\"wp-block-column is-layout-flow wp-block-column-is-layout-flow\">\n<div class=\"wp-block-columns is-layout-flex wp-container-core-columns-is-layout-28f84493 wp-block-columns-is-layout-flex\">\n<div class=\"wp-block-column is-layout-flow wp-block-column-is-layout-flow\">\n<h4 class=\"has-text-align-center wp-block-heading\">Apps<\/h4>\n\n\n\n<ul class=\"wp-block-list\"><li>Microsoft Office<\/li><li>Libre Office-Open Office<\/li><li><\/li><\/ul>\n\n\n\n<p><\/p>\n<\/div>\n\n\n\n<div class=\"wp-block-column is-layout-flow wp-block-column-is-layout-flow\">\n<h4 class=\"has-text-align-center wp-block-heading\">Medien<\/h4>\n\n\n\n<ul class=\"wp-block-list\"><li><a rel=\"noreferrer noopener\" href=\"https:\/\/hobbies.bibibo.info\/video-bearbeitung\/\" target=\"_blank\"><strong>Video-Bearbeitung<\/strong><\/a><\/li><li><a rel=\"noreferrer noopener\" href=\"https:\/\/hobbies.bibibo.info\/foto-bearbeitung\/\" target=\"_blank\">Foto-Bearbeitung<\/a><\/li><li><a rel=\"noreferrer noopener\" href=\"https:\/\/hobbies.bibibo.info\/audio-bearbeitung\/\" target=\"_blank\">Audio-Bearbeitung<\/a><\/li><\/ul>\n<\/div>\n<\/div>\n<\/div>\n<\/div>\n\n\n\n<div class=\"wp-block-columns is-layout-flex wp-container-core-columns-is-layout-28f84493 wp-block-columns-is-layout-flex\">\n<div class=\"wp-block-column is-layout-flow wp-block-column-is-layout-flow\">\n<div class=\"wp-block-columns is-layout-flex wp-container-core-columns-is-layout-28f84493 wp-block-columns-is-layout-flex\">\n<div class=\"wp-block-column is-layout-flow wp-block-column-is-layout-flow\">\n<h5 class=\"wp-block-heading\">Homepage-Programme<\/h5>\n\n\n\n<ul class=\"wp-block-list\"><li>WordPress<\/li><li>WIX<\/li><\/ul>\n<\/div>\n\n\n\n<div class=\"wp-block-column is-layout-flow wp-block-column-is-layout-flow\">\n<h4 class=\"wp-block-heading\">Kommunikation<\/h4>\n\n\n\n<ul class=\"wp-block-list\"><li>Telefon\/Handy<\/li><li>Email<\/li><li><a rel=\"noreferrer noopener\" href=\"https:\/\/meet.jit.si\/\" target=\"_blank\">Jitsi<\/a>\/<a rel=\"noreferrer noopener\" href=\"https:\/\/www.wonder.me\/\" target=\"_blank\">wonder.me<\/a>\/<br><a href=\"https:\/\/bigbluebutton.org\/\" target=\"_blank\" rel=\"noreferrer noopener\">BigBlueButton.org<\/a><\/li><li>Telegram<\/li><li>Whatsapp<\/li><\/ul>\n<\/div>\n<\/div>\n<\/div>\n\n\n\n<div class=\"wp-block-column is-layout-flow wp-block-column-is-layout-flow\">\n<div class=\"wp-block-columns is-layout-flex wp-container-core-columns-is-layout-28f84493 wp-block-columns-is-layout-flex\">\n<div class=\"wp-block-column is-layout-flow wp-block-column-is-layout-flow\">\n<h4 class=\"wp-block-heading\">Social Media<\/h4>\n\n\n\n<ul class=\"wp-block-list\"><li>Facebook<\/li><li>Instagram<\/li><li>Twitter<\/li><li>Hootsuite<\/li><\/ul>\n<\/div>\n\n\n\n<div class=\"wp-block-column is-layout-flow wp-block-column-is-layout-flow\">\n<h4 class=\"wp-block-heading\">TEAM-Arbeits-Plattform<\/h4>\n\n\n\n<ul class=\"wp-block-list\"><li>Google Drive<\/li><li>nextcloud<\/li><\/ul>\n<\/div>\n<\/div>\n<\/div>\n<\/div>\n\n\n\n<div class=\"wp-block-columns is-layout-flex wp-container-core-columns-is-layout-28f84493 wp-block-columns-is-layout-flex\">\n<div class=\"wp-block-column is-layout-flow wp-block-column-is-layout-flow\"><\/div>\n\n\n\n<div class=\"wp-block-column is-layout-flow wp-block-column-is-layout-flow\"><\/div>\n\n\n\n<div class=\"wp-block-column is-layout-flow wp-block-column-is-layout-flow\"><\/div>\n<\/div>\n\n\n\n<hr class=\"wp-block-separator is-style-wide\"\/>\n\n\n\n<p><\/p>\n","protected":false},"excerpt":{"rendered":"<p>Diese Seite ist im Entstehen. Die hier ver\u00f6ffentlichten Informationen haben als Grundlage die Erstellung, Pflege und Weiterentwicklung des Biebertaler Bilderbogens. Da wir, das TEAM, alles selbst machen, werden auf dieser Seite unsere Erfahrungen festgehalten. Diese Erfahrungen sind daher alle pers\u00f6nlicher Natur. Ein allgemeiner Ratgeber k\u00f6nnen und sollen diese Inhalte nicht werden. Einf\u00fchrung in dieses vielf\u00e4ltige &hellip; <\/p>\n<p class=\"link-more\"><a href=\"https:\/\/hobbies.bibibo.info\/?page_id=287\" class=\"more-link\">Mehr <span class=\"screen-reader-text\">\u00fcber &#8222;Computer-Tipps &#038; Themen&#8220; <\/span>Lesen<\/a><\/p>\n","protected":false},"author":1,"featured_media":0,"parent":0,"menu_order":0,"comment_status":"closed","ping_status":"closed","template":"","meta":{"inspiro_hide_title":false,"footnotes":""},"class_list":["post-287","page","type-page","status-publish","hentry"],"_links":{"self":[{"href":"https:\/\/hobbies.bibibo.info\/index.php?rest_route=\/wp\/v2\/pages\/287","targetHints":{"allow":["GET"]}}],"collection":[{"href":"https:\/\/hobbies.bibibo.info\/index.php?rest_route=\/wp\/v2\/pages"}],"about":[{"href":"https:\/\/hobbies.bibibo.info\/index.php?rest_route=\/wp\/v2\/types\/page"}],"author":[{"embeddable":true,"href":"https:\/\/hobbies.bibibo.info\/index.php?rest_route=\/wp\/v2\/users\/1"}],"replies":[{"embeddable":true,"href":"https:\/\/hobbies.bibibo.info\/index.php?rest_route=%2Fwp%2Fv2%2Fcomments&post=287"}],"version-history":[{"count":73,"href":"https:\/\/hobbies.bibibo.info\/index.php?rest_route=\/wp\/v2\/pages\/287\/revisions"}],"predecessor-version":[{"id":6576,"href":"https:\/\/hobbies.bibibo.info\/index.php?rest_route=\/wp\/v2\/pages\/287\/revisions\/6576"}],"wp:attachment":[{"href":"https:\/\/hobbies.bibibo.info\/index.php?rest_route=%2Fwp%2Fv2%2Fmedia&parent=287"}],"curies":[{"name":"wp","href":"https:\/\/api.w.org\/{rel}","templated":true}]}}