{"id":33,"date":"2020-03-16T17:22:37","date_gmt":"2020-03-16T16:22:37","guid":{"rendered":"https:\/\/hobbies.bibibo.de\/?page_id=33"},"modified":"2020-10-31T13:39:35","modified_gmt":"2020-10-31T12:39:35","slug":"foto-video","status":"publish","type":"page","link":"https:\/\/hobbies.bibibo.info\/?page_id=33","title":{"rendered":"Foto\/Video  als  Hobby"},"content":{"rendered":"\n<p>Seit die Fotografie digitalisiert wurde, hat es gro\u00dfe Ver\u00e4nderungen in der Technik und noch mehr in der Nutzung gegeben. Vor allem die Smartphones haben inzwischen sehr gute Kameras an Board, die f\u00fcr den normalen Alltag neue M\u00f6glichkeiten er\u00f6ffnen. Dazu kommen die Social Media &#8211; Plattformen, die auf diese Weise das Miteinander in der Familie und unter Freunden \u00fcber gr\u00f6\u00dfere Entfernungen sehr bildnah macht.<br>Das Fotografieren im Tele-Bereich und im Makro-Bereich bleibt dagegen bisher weitestgehend noch den System-Kameras vorbehalten, die das Auswechseln der Objektive erm\u00f6glichen.<\/p>\n\n\n\n<div class=\"wp-block-columns is-layout-flex wp-container-core-columns-is-layout-28f84493 wp-block-columns-is-layout-flex\">\n<div class=\"wp-block-column is-layout-flow wp-block-column-is-layout-flow\">\n<h4 class=\"has-text-align-center wp-block-heading\"><a href=\"https:\/\/hobbies.bibibo.info\/simone-bachmann-foto-hobby\/\" target=\"_blank\" rel=\"noreferrer noopener\">Simone Bachmann<\/a><\/h4>\n\n\n\n<figure class=\"wp-block-image size-large\"><a href=\"https:\/\/hobbies.bibibo.info\/simone-bachmanns-fotohobby\/\" target=\"_blank\" rel=\"noopener noreferrer\"><img loading=\"lazy\" decoding=\"async\" width=\"1024\" height=\"539\" src=\"https:\/\/hobbies.bibibo.info\/wp-content\/uploads\/2020\/08\/photo_2020-08-24_12-31-02-1024x539.jpg\" alt=\"\" class=\"wp-image-387\" srcset=\"https:\/\/hobbies.bibibo.info\/wp-content\/uploads\/2020\/08\/photo_2020-08-24_12-31-02-1024x539.jpg 1024w, https:\/\/hobbies.bibibo.info\/wp-content\/uploads\/2020\/08\/photo_2020-08-24_12-31-02-300x158.jpg 300w, https:\/\/hobbies.bibibo.info\/wp-content\/uploads\/2020\/08\/photo_2020-08-24_12-31-02-768x404.jpg 768w, https:\/\/hobbies.bibibo.info\/wp-content\/uploads\/2020\/08\/photo_2020-08-24_12-31-02.jpg 1080w\" sizes=\"auto, (max-width: 1024px) 100vw, 1024px\" \/><\/a><\/figure>\n\n\n\n<ul class=\"wp-block-list\"><li>Fotos der Umgebung<\/li><\/ul>\n\n\n\n<p><\/p>\n<\/div>\n\n\n\n<div class=\"wp-block-column is-layout-flow wp-block-column-is-layout-flow\">\n<h4 class=\"has-text-align-center wp-block-heading\"><a href=\"https:\/\/hobbies.bibibo.info\/selina-ofer-foto-hobby\/\">Selina Ofer<\/a><\/h4>\n\n\n\n<div class=\"wp-block-image\"><figure class=\"aligncenter size-large is-resized\"><img loading=\"lazy\" decoding=\"async\" src=\"https:\/\/hobbies.bibibo.info\/wp-content\/uploads\/2020\/08\/Selina-Ofer-2020-08-23_23-29-16-1-1024x708.jpg\" alt=\"\" class=\"wp-image-469\" width=\"203\" height=\"140\" srcset=\"https:\/\/hobbies.bibibo.info\/wp-content\/uploads\/2020\/08\/Selina-Ofer-2020-08-23_23-29-16-1-1024x708.jpg 1024w, https:\/\/hobbies.bibibo.info\/wp-content\/uploads\/2020\/08\/Selina-Ofer-2020-08-23_23-29-16-1-300x208.jpg 300w, https:\/\/hobbies.bibibo.info\/wp-content\/uploads\/2020\/08\/Selina-Ofer-2020-08-23_23-29-16-1-768x531.jpg 768w, https:\/\/hobbies.bibibo.info\/wp-content\/uploads\/2020\/08\/Selina-Ofer-2020-08-23_23-29-16-1.jpg 1080w\" sizes=\"auto, (max-width: 203px) 100vw, 203px\" \/><\/figure><\/div>\n\n\n\n<ul class=\"wp-block-list\"><li>Himmlisches<\/li><\/ul>\n\n\n\n<p><\/p>\n<\/div>\n\n\n\n<div class=\"wp-block-column is-layout-flow wp-block-column-is-layout-flow\">\n<h4 class=\"has-text-align-center wp-block-heading\"><a rel=\"noreferrer noopener\" href=\"https:\/\/hobbies.bibibo.info\/winfrieds-foto-hobby\/\" target=\"_blank\">Winfried Senger<\/a><\/h4>\n\n\n\n<figure class=\"wp-block-video\"><video height=\"400\" style=\"aspect-ratio: 720 \/ 400;\" width=\"720\" controls src=\"https:\/\/hobbies.bibibo.info\/wp-content\/uploads\/2020\/08\/astern-mit-Voegel.mp4\"><\/video><figcaption><strong>Astern sind Pflanzen, die auch Trockenheit vertragen<\/strong><\/figcaption><\/figure>\n\n\n\n<p><\/p>\n<\/div>\n<\/div>\n\n\n\n<div class=\"wp-block-columns is-layout-flex wp-container-core-columns-is-layout-28f84493 wp-block-columns-is-layout-flex\">\n<div class=\"wp-block-column is-layout-flow wp-block-column-is-layout-flow\" style=\"flex-basis:33.33%\"><\/div>\n\n\n\n<div class=\"wp-block-column is-layout-flow wp-block-column-is-layout-flow\" style=\"flex-basis:66.66%\"><\/div>\n<\/div>\n\n\n\n<p><\/p>\n\n\n\n<p><\/p>\n","protected":false},"excerpt":{"rendered":"<p>Seit die Fotografie digitalisiert wurde, hat es gro\u00dfe Ver\u00e4nderungen in der Technik und noch mehr in der Nutzung gegeben. Vor allem die Smartphones haben inzwischen sehr gute Kameras an Board, die f\u00fcr den normalen Alltag neue M\u00f6glichkeiten er\u00f6ffnen. Dazu kommen die Social Media &#8211; Plattformen, die auf diese Weise das Miteinander in der Familie und &hellip; <\/p>\n<p class=\"link-more\"><a href=\"https:\/\/hobbies.bibibo.info\/?page_id=33\" class=\"more-link\">Mehr <span class=\"screen-reader-text\">\u00fcber &#8222;Foto\/Video  als  Hobby&#8220; <\/span>Lesen<\/a><\/p>\n","protected":false},"author":1,"featured_media":0,"parent":0,"menu_order":0,"comment_status":"closed","ping_status":"closed","template":"","meta":{"inspiro_hide_title":false,"footnotes":""},"class_list":["post-33","page","type-page","status-publish","hentry"],"_links":{"self":[{"href":"https:\/\/hobbies.bibibo.info\/index.php?rest_route=\/wp\/v2\/pages\/33","targetHints":{"allow":["GET"]}}],"collection":[{"href":"https:\/\/hobbies.bibibo.info\/index.php?rest_route=\/wp\/v2\/pages"}],"about":[{"href":"https:\/\/hobbies.bibibo.info\/index.php?rest_route=\/wp\/v2\/types\/page"}],"author":[{"embeddable":true,"href":"https:\/\/hobbies.bibibo.info\/index.php?rest_route=\/wp\/v2\/users\/1"}],"replies":[{"embeddable":true,"href":"https:\/\/hobbies.bibibo.info\/index.php?rest_route=%2Fwp%2Fv2%2Fcomments&post=33"}],"version-history":[{"count":21,"href":"https:\/\/hobbies.bibibo.info\/index.php?rest_route=\/wp\/v2\/pages\/33\/revisions"}],"predecessor-version":[{"id":549,"href":"https:\/\/hobbies.bibibo.info\/index.php?rest_route=\/wp\/v2\/pages\/33\/revisions\/549"}],"wp:attachment":[{"href":"https:\/\/hobbies.bibibo.info\/index.php?rest_route=%2Fwp%2Fv2%2Fmedia&parent=33"}],"curies":[{"name":"wp","href":"https:\/\/api.w.org\/{rel}","templated":true}]}}