{"id":408,"date":"2020-08-24T19:25:52","date_gmt":"2020-08-24T17:25:52","guid":{"rendered":"https:\/\/hobbies.bibibo.de\/?page_id=408"},"modified":"2020-11-15T10:07:46","modified_gmt":"2020-11-15T09:07:46","slug":"spiele","status":"publish","type":"page","link":"https:\/\/hobbies.bibibo.info\/?page_id=408","title":{"rendered":"Spiele"},"content":{"rendered":"\n<div class=\"wp-block-columns is-layout-flex wp-container-core-columns-is-layout-28f84493 wp-block-columns-is-layout-flex\">\n<div class=\"wp-block-column is-layout-flow wp-block-column-is-layout-flow\">\n<figure class=\"wp-block-image size-large is-resized\"><img loading=\"lazy\" decoding=\"async\" src=\"https:\/\/hobbies.bibibo.info\/wp-content\/uploads\/2020\/11\/160409_Spielesammlung_07-1-1024x690.jpg\" alt=\"\" class=\"wp-image-607\" width=\"381\" height=\"256\" srcset=\"https:\/\/hobbies.bibibo.info\/wp-content\/uploads\/2020\/11\/160409_Spielesammlung_07-1-1024x690.jpg 1024w, https:\/\/hobbies.bibibo.info\/wp-content\/uploads\/2020\/11\/160409_Spielesammlung_07-1-300x202.jpg 300w, https:\/\/hobbies.bibibo.info\/wp-content\/uploads\/2020\/11\/160409_Spielesammlung_07-1-768x517.jpg 768w, https:\/\/hobbies.bibibo.info\/wp-content\/uploads\/2020\/11\/160409_Spielesammlung_07-1-1536x1034.jpg 1536w, https:\/\/hobbies.bibibo.info\/wp-content\/uploads\/2020\/11\/160409_Spielesammlung_07-1-2048x1379.jpg 2048w, https:\/\/hobbies.bibibo.info\/wp-content\/uploads\/2020\/11\/160409_Spielesammlung_07-1-120x80.jpg 120w\" sizes=\"auto, (max-width: 381px) 100vw, 381px\" \/><figcaption><strong>Gesellschaftsspiele<\/strong><\/figcaption><\/figure>\n\n\n\n<p><\/p>\n<\/div>\n\n\n\n<div class=\"wp-block-column is-layout-flow wp-block-column-is-layout-flow\">\n<figure class=\"wp-block-image size-large is-resized\"><img loading=\"lazy\" decoding=\"async\" src=\"https:\/\/hobbies.bibibo.info\/wp-content\/uploads\/2020\/11\/child-1916157__340.jpg\" alt=\"\" class=\"wp-image-609\" width=\"410\" height=\"256\" srcset=\"https:\/\/hobbies.bibibo.info\/wp-content\/uploads\/2020\/11\/child-1916157__340.jpg 544w, https:\/\/hobbies.bibibo.info\/wp-content\/uploads\/2020\/11\/child-1916157__340-300x188.jpg 300w, https:\/\/hobbies.bibibo.info\/wp-content\/uploads\/2020\/11\/child-1916157__340-280x175.jpg 280w\" sizes=\"auto, (max-width: 410px) 100vw, 410px\" \/><figcaption><strong>Videospiele<\/strong><\/figcaption><\/figure>\n\n\n\n<p><\/p>\n<\/div>\n<\/div>\n\n\n\n<p>Spielen ist eine&nbsp;T\u00e4tigkeit, die zum Vergn\u00fcgen, zur Entspannung, allein aus Freude an ihrer Aus\u00fcbung, aber auch als Beruf ausgef\u00fchrt werden kann (Theaterspiel,&nbsp;Sportspiel,&nbsp;Violinspiel). Es ist eine Besch\u00e4ftigung, die oft als&nbsp;<em>spielerische Auseinandersetzung<\/em>&nbsp;in&nbsp;Gemeinschaft&nbsp;mit anderen vorgenommen wird.<\/p>\n\n\n\n<ul class=\"wp-block-list\"><li><a rel=\"noreferrer noopener\" href=\"https:\/\/nachrichten.biebertaler-bilderbogen.de\/pokemon-go\/\" target=\"_blank\">Pokemon Go<\/a><\/li><li><a href=\"https:\/\/hobbies.bibibo.info\/die-siedler-online-baue-deine-eigene-siedlung\/\" target=\"_blank\" rel=\"noreferrer noopener\">Die Siedler Online<\/a><\/li><\/ul>\n\n\n\n<p class=\"has-small-font-size\">Bilder: commons.wikipedia.org, pixaby.com<br>Text: <a href=\"https:\/\/de.wikipedia.org\/wiki\/Spiel\" target=\"_blank\" rel=\"noreferrer noopener\">https:\/\/de.wikipedia.org\/wiki\/Spiel<\/a><\/p>\n","protected":false},"excerpt":{"rendered":"<p>Spielen ist eine&nbsp;T\u00e4tigkeit, die zum Vergn\u00fcgen, zur Entspannung, allein aus Freude an ihrer Aus\u00fcbung, aber auch als Beruf ausgef\u00fchrt werden kann (Theaterspiel,&nbsp;Sportspiel,&nbsp;Violinspiel). Es ist eine Besch\u00e4ftigung, die oft als&nbsp;spielerische Auseinandersetzung&nbsp;in&nbsp;Gemeinschaft&nbsp;mit anderen vorgenommen wird. Pokemon Go Die Siedler Online Bilder: commons.wikipedia.org, pixaby.comText: https:\/\/de.wikipedia.org\/wiki\/Spiel<\/p>\n","protected":false},"author":1,"featured_media":0,"parent":0,"menu_order":0,"comment_status":"closed","ping_status":"closed","template":"","meta":{"inspiro_hide_title":false,"footnotes":""},"class_list":["post-408","page","type-page","status-publish","hentry"],"_links":{"self":[{"href":"https:\/\/hobbies.bibibo.info\/index.php?rest_route=\/wp\/v2\/pages\/408","targetHints":{"allow":["GET"]}}],"collection":[{"href":"https:\/\/hobbies.bibibo.info\/index.php?rest_route=\/wp\/v2\/pages"}],"about":[{"href":"https:\/\/hobbies.bibibo.info\/index.php?rest_route=\/wp\/v2\/types\/page"}],"author":[{"embeddable":true,"href":"https:\/\/hobbies.bibibo.info\/index.php?rest_route=\/wp\/v2\/users\/1"}],"replies":[{"embeddable":true,"href":"https:\/\/hobbies.bibibo.info\/index.php?rest_route=%2Fwp%2Fv2%2Fcomments&post=408"}],"version-history":[{"count":5,"href":"https:\/\/hobbies.bibibo.info\/index.php?rest_route=\/wp\/v2\/pages\/408\/revisions"}],"predecessor-version":[{"id":612,"href":"https:\/\/hobbies.bibibo.info\/index.php?rest_route=\/wp\/v2\/pages\/408\/revisions\/612"}],"wp:attachment":[{"href":"https:\/\/hobbies.bibibo.info\/index.php?rest_route=%2Fwp%2Fv2%2Fmedia&parent=408"}],"curies":[{"name":"wp","href":"https:\/\/api.w.org\/{rel}","templated":true}]}}