{"id":49,"date":"2020-03-16T17:37:39","date_gmt":"2020-03-16T16:37:39","guid":{"rendered":"https:\/\/hobbies.bibibo.de\/?page_id=49"},"modified":"2022-06-07T11:24:45","modified_gmt":"2022-06-07T09:24:45","slug":"kultur","status":"publish","type":"page","link":"https:\/\/hobbies.bibibo.info\/?page_id=49","title":{"rendered":"Kulturelles"},"content":{"rendered":"\n<p class=\"has-text-align-center has-accent-background-color has-background\" style=\"font-size:clamp(14px, 0.875rem + ((1vw - 3.2px) * 0.442), 19px);\"><strong>Kultur<\/strong>\u00a0bezeichnet im weitesten Sinne alles, was der\u00a0Mensch\u00a0selbstgestaltend\u00a0hervorbringt\u00a0\u2013 <br>im Unterschied zu der von ihm nicht geschaffenen und nicht ver\u00e4nderten\u00a0Natur.<\/p>\n\n\n\n<div class=\"wp-block-columns is-layout-flex wp-container-core-columns-is-layout-28f84493 wp-block-columns-is-layout-flex\">\n<div class=\"wp-block-column is-layout-flow wp-block-column-is-layout-flow\" style=\"flex-basis:100%\">\n<div class=\"wp-block-columns is-layout-flex wp-container-core-columns-is-layout-28f84493 wp-block-columns-is-layout-flex\">\n<div class=\"wp-block-column is-layout-flow wp-block-column-is-layout-flow\">\n<h3 class=\"has-text-align-center wp-block-heading\">Veranstaltungen<\/h3>\n\n\n\n<div class=\"wp-block-image\"><figure class=\"aligncenter size-large is-resized\"><img loading=\"lazy\" decoding=\"async\" src=\"https:\/\/hobbies.bibibo.info\/wp-content\/uploads\/2020\/11\/Kultur-1024x768.jpg\" alt=\"\" class=\"wp-image-603\" width=\"260\" height=\"195\" srcset=\"https:\/\/hobbies.bibibo.info\/wp-content\/uploads\/2020\/11\/Kultur-1024x768.jpg 1024w, https:\/\/hobbies.bibibo.info\/wp-content\/uploads\/2020\/11\/Kultur-300x225.jpg 300w, https:\/\/hobbies.bibibo.info\/wp-content\/uploads\/2020\/11\/Kultur-768x576.jpg 768w, https:\/\/hobbies.bibibo.info\/wp-content\/uploads\/2020\/11\/Kultur-1536x1152.jpg 1536w, https:\/\/hobbies.bibibo.info\/wp-content\/uploads\/2020\/11\/Kultur-2048x1536.jpg 2048w\" sizes=\"auto, (max-width: 260px) 100vw, 260px\" \/><\/figure><\/div>\n\n\n\n<ul class=\"wp-block-list\" id=\"block-67f28fc7-961b-4d76-a901-3a4f5a928a4e\"><li>Gewerbeschau<\/li><li><strong><a rel=\"noreferrer noopener\" href=\"https:\/\/hobbies.bibibo.info\/ausstellung-des-kleintierzuchtvereins-2019\/\" target=\"_blank\">Kleintierzuchtverein<\/a><\/strong><\/li><li>K\u00fcnstlerinitiative<\/li><li>Ostermarkt<\/li><li>Weihnachtsmarkt<\/li><\/ul>\n<\/div>\n\n\n\n<div class=\"wp-block-column is-layout-flow wp-block-column-is-layout-flow\">\n<h3 class=\"has-text-align-center wp-block-heading\"><a href=\"https:\/\/hobbies.bibibo.info\/wp-admin\/post.php?post=408&amp;action=edit\" target=\"_blank\" rel=\"noreferrer noopener\">Spiele<\/a><\/h3>\n\n\n\n<div class=\"wp-block-image\"><figure class=\"aligncenter size-large is-resized\"><a href=\"https:\/\/hobbies.bibibo.info\/wp-admin\/post.php?post=408&amp;action=edit\" target=\"_blank\" rel=\"noopener\"><img loading=\"lazy\" decoding=\"async\" src=\"https:\/\/hobbies.bibibo.info\/wp-content\/uploads\/2020\/11\/160409_Spielesammlung_07-1-1024x690.jpg\" alt=\"Spielesammlung\" class=\"wp-image-607\" width=\"281\" height=\"189\" srcset=\"https:\/\/hobbies.bibibo.info\/wp-content\/uploads\/2020\/11\/160409_Spielesammlung_07-1-1024x690.jpg 1024w, https:\/\/hobbies.bibibo.info\/wp-content\/uploads\/2020\/11\/160409_Spielesammlung_07-1-300x202.jpg 300w, https:\/\/hobbies.bibibo.info\/wp-content\/uploads\/2020\/11\/160409_Spielesammlung_07-1-768x517.jpg 768w, https:\/\/hobbies.bibibo.info\/wp-content\/uploads\/2020\/11\/160409_Spielesammlung_07-1-1536x1034.jpg 1536w, https:\/\/hobbies.bibibo.info\/wp-content\/uploads\/2020\/11\/160409_Spielesammlung_07-1-2048x1379.jpg 2048w, https:\/\/hobbies.bibibo.info\/wp-content\/uploads\/2020\/11\/160409_Spielesammlung_07-1-120x80.jpg 120w\" sizes=\"auto, (max-width: 281px) 100vw, 281px\" \/><\/a><\/figure><\/div>\n\n\n\n<ul class=\"wp-block-list\"><li><a rel=\"noreferrer noopener\" href=\"https:\/\/hobbies.bibibo.info\/die-siedler-online-baue-deine-eigene-siedlung\/\" target=\"_blank\"><strong>Die Siedler online (DSO)<\/strong><\/a><\/li><li><a rel=\"noreferrer noopener\" href=\"https:\/\/nachrichten.biebertaler-bilderbogen.de\/pokemon-go\/\" target=\"_blank\"><strong>Pokemon Go<\/strong><\/a><\/li><\/ul>\n<\/div>\n\n\n\n<div class=\"wp-block-column is-layout-flow wp-block-column-is-layout-flow\">\n<h3 class=\"has-text-align-center wp-block-heading\"><a href=\"https:\/\/hobbies.bibibo.info\/buecher\/\" target=\"_blank\" rel=\"noreferrer noopener\">B\u00fccher<\/a><\/h3>\n\n\n\n<div class=\"wp-block-image\"><figure class=\"aligncenter size-large is-resized\"><a href=\"https:\/\/hobbies.bibibo.info\/buecher\/\"><img loading=\"lazy\" decoding=\"async\" src=\"https:\/\/hobbies.bibibo.info\/wp-content\/uploads\/2020\/11\/books-1655783__340.jpg\" alt=\"\" class=\"wp-image-601\" width=\"287\" height=\"192\" srcset=\"https:\/\/hobbies.bibibo.info\/wp-content\/uploads\/2020\/11\/books-1655783__340.jpg 509w, https:\/\/hobbies.bibibo.info\/wp-content\/uploads\/2020\/11\/books-1655783__340-300x200.jpg 300w, https:\/\/hobbies.bibibo.info\/wp-content\/uploads\/2020\/11\/books-1655783__340-120x80.jpg 120w\" sizes=\"auto, (max-width: 287px) 100vw, 287px\" \/><\/a><\/figure><\/div>\n\n\n\n<ul class=\"wp-block-list\"><li><a rel=\"noreferrer noopener\" href=\"http:\/\/xn--bcher%20mit%20und%20ber%20biebertal-uwdt\/\" target=\"_blank\"><strong>von, mit, \u00fcber Biebertal<\/strong><\/a><\/li><li><a rel=\"noreferrer noopener\" href=\"https:\/\/hobbies.bibibo.info\/buecher-lesenswert\/\" target=\"_blank\"><strong>f\u00fcr lesenswert erachtet<\/strong><\/a><\/li><\/ul>\n<\/div>\n<\/div>\n<\/div>\n<\/div>\n\n\n\n<p><\/p>\n","protected":false},"excerpt":{"rendered":"<p>Kultur\u00a0bezeichnet im weitesten Sinne alles, was der\u00a0Mensch\u00a0selbstgestaltend\u00a0hervorbringt\u00a0\u2013 im Unterschied zu der von ihm nicht geschaffenen und nicht ver\u00e4nderten\u00a0Natur. Veranstaltungen Gewerbeschau Kleintierzuchtverein K\u00fcnstlerinitiative Ostermarkt Weihnachtsmarkt Spiele Die Siedler online (DSO) Pokemon Go B\u00fccher von, mit, \u00fcber Biebertal f\u00fcr lesenswert erachtet<\/p>\n","protected":false},"author":1,"featured_media":0,"parent":0,"menu_order":0,"comment_status":"closed","ping_status":"closed","template":"","meta":{"inspiro_hide_title":false,"footnotes":""},"class_list":["post-49","page","type-page","status-publish","hentry"],"_links":{"self":[{"href":"https:\/\/hobbies.bibibo.info\/index.php?rest_route=\/wp\/v2\/pages\/49","targetHints":{"allow":["GET"]}}],"collection":[{"href":"https:\/\/hobbies.bibibo.info\/index.php?rest_route=\/wp\/v2\/pages"}],"about":[{"href":"https:\/\/hobbies.bibibo.info\/index.php?rest_route=\/wp\/v2\/types\/page"}],"author":[{"embeddable":true,"href":"https:\/\/hobbies.bibibo.info\/index.php?rest_route=\/wp\/v2\/users\/1"}],"replies":[{"embeddable":true,"href":"https:\/\/hobbies.bibibo.info\/index.php?rest_route=%2Fwp%2Fv2%2Fcomments&post=49"}],"version-history":[{"count":18,"href":"https:\/\/hobbies.bibibo.info\/index.php?rest_route=\/wp\/v2\/pages\/49\/revisions"}],"predecessor-version":[{"id":8016,"href":"https:\/\/hobbies.bibibo.info\/index.php?rest_route=\/wp\/v2\/pages\/49\/revisions\/8016"}],"wp:attachment":[{"href":"https:\/\/hobbies.bibibo.info\/index.php?rest_route=%2Fwp%2Fv2%2Fmedia&parent=49"}],"curies":[{"name":"wp","href":"https:\/\/api.w.org\/{rel}","templated":true}]}}