{"id":536,"date":"2020-10-29T19:41:29","date_gmt":"2020-10-29T18:41:29","guid":{"rendered":"https:\/\/hobbies.bibibo.de\/?page_id=536"},"modified":"2022-04-19T12:03:47","modified_gmt":"2022-04-19T10:03:47","slug":"buecher","status":"publish","type":"page","link":"https:\/\/hobbies.bibibo.info\/?page_id=536","title":{"rendered":"B\u00fccher"},"content":{"rendered":"\n<div class=\"wp-block-columns is-layout-flex wp-container-core-columns-is-layout-28f84493 wp-block-columns-is-layout-flex\">\n<div class=\"wp-block-column is-layout-flow wp-block-column-is-layout-flow\">\n<h2 class=\"has-text-align-center wp-block-heading\"><a href=\"https:\/\/hobbies.bibibo.info\/buecher-mit-und-ueber-biebertal\/\" target=\"_blank\" rel=\"noreferrer noopener\">B\u00fccher mit und \u00fcber Biebertal<\/a><\/h2>\n<\/div>\n\n\n\n<div class=\"wp-block-column is-layout-flow wp-block-column-is-layout-flow\">\n<h2 class=\"has-text-align-center wp-block-heading\"><a rel=\"noreferrer noopener\" href=\"https:\/\/hobbies.bibibo.info\/buecher-lesenswert\/\" target=\"_blank\">B\u00fccher, lesenswert<\/a><\/h2>\n<\/div>\n<\/div>\n\n\n\n<div class=\"wp-block-image\"><figure class=\"aligncenter size-large is-resized\"><img loading=\"lazy\" decoding=\"async\" src=\"https:\/\/hobbies.bibibo.info\/wp-content\/uploads\/2020\/11\/Buecher2.jpg\" alt=\"\" class=\"wp-image-620\" width=\"423\" height=\"572\" srcset=\"https:\/\/hobbies.bibibo.info\/wp-content\/uploads\/2020\/11\/Buecher2.jpg 589w, https:\/\/hobbies.bibibo.info\/wp-content\/uploads\/2020\/11\/Buecher2-222x300.jpg 222w\" sizes=\"auto, (max-width: 423px) 100vw, 423px\" \/><\/figure><\/div>\n\n\n\n<p class=\"has-text-align-center\">B\u00fccher sind mein Leben, weil sie mir alles geben, geht es mir auch mal nicht gut, packe ich mir ein Buch und Zack wieder neuer Lebensmut. Ohne B\u00fccher w\u00e4re mein Leben nicht so toll, B\u00fccher sind einfach nur wundervoll. W\u00fcrden viel mehr Menschen auf Erden lesen, w\u00fcrde es weniger Streit und Kriege geben, denn dann w\u00fcrde jeder in seiner Lieblingswelt leben.<\/p>\n\n\n\n<p class=\"has-small-font-size\">Foto: Facebook<br>Text: Angelos-Leonidas Bur<\/p>\n","protected":false},"excerpt":{"rendered":"<p>B\u00fccher mit und \u00fcber Biebertal B\u00fccher, lesenswert B\u00fccher sind mein Leben, weil sie mir alles geben, geht es mir auch mal nicht gut, packe ich mir ein Buch und Zack wieder neuer Lebensmut. Ohne B\u00fccher w\u00e4re mein Leben nicht so toll, B\u00fccher sind einfach nur wundervoll. W\u00fcrden viel mehr Menschen auf Erden lesen, w\u00fcrde es &hellip; <\/p>\n<p class=\"link-more\"><a href=\"https:\/\/hobbies.bibibo.info\/?page_id=536\" class=\"more-link\">Mehr <span class=\"screen-reader-text\">\u00fcber &#8222;B\u00fccher&#8220; <\/span>Lesen<\/a><\/p>\n","protected":false},"author":1,"featured_media":0,"parent":0,"menu_order":0,"comment_status":"closed","ping_status":"closed","template":"","meta":{"inspiro_hide_title":false,"footnotes":""},"class_list":["post-536","page","type-page","status-publish","hentry"],"_links":{"self":[{"href":"https:\/\/hobbies.bibibo.info\/index.php?rest_route=\/wp\/v2\/pages\/536","targetHints":{"allow":["GET"]}}],"collection":[{"href":"https:\/\/hobbies.bibibo.info\/index.php?rest_route=\/wp\/v2\/pages"}],"about":[{"href":"https:\/\/hobbies.bibibo.info\/index.php?rest_route=\/wp\/v2\/types\/page"}],"author":[{"embeddable":true,"href":"https:\/\/hobbies.bibibo.info\/index.php?rest_route=\/wp\/v2\/users\/1"}],"replies":[{"embeddable":true,"href":"https:\/\/hobbies.bibibo.info\/index.php?rest_route=%2Fwp%2Fv2%2Fcomments&post=536"}],"version-history":[{"count":10,"href":"https:\/\/hobbies.bibibo.info\/index.php?rest_route=\/wp\/v2\/pages\/536\/revisions"}],"predecessor-version":[{"id":7968,"href":"https:\/\/hobbies.bibibo.info\/index.php?rest_route=\/wp\/v2\/pages\/536\/revisions\/7968"}],"wp:attachment":[{"href":"https:\/\/hobbies.bibibo.info\/index.php?rest_route=%2Fwp%2Fv2%2Fmedia&parent=536"}],"curies":[{"name":"wp","href":"https:\/\/api.w.org\/{rel}","templated":true}]}}