{"id":557,"date":"2020-11-08T09:03:48","date_gmt":"2020-11-08T08:03:48","guid":{"rendered":"https:\/\/hobbies.bibibo.de\/?page_id=557"},"modified":"2022-04-19T12:01:09","modified_gmt":"2022-04-19T10:01:09","slug":"buecher-mit-und-ueber-biebertal","status":"publish","type":"page","link":"https:\/\/hobbies.bibibo.info\/?page_id=557","title":{"rendered":"B\u00fccher mit und \u00fcber Biebertal"},"content":{"rendered":"\n<figure class=\"wp-block-image size-large\"><img loading=\"lazy\" decoding=\"async\" width=\"1024\" height=\"768\" src=\"https:\/\/hobbies.bibibo.info\/wp-content\/uploads\/2020\/11\/Uebersicht-gross-1-1024x768.jpg\" alt=\"\" class=\"wp-image-558\" srcset=\"https:\/\/hobbies.bibibo.info\/wp-content\/uploads\/2020\/11\/Uebersicht-gross-1-1024x768.jpg 1024w, https:\/\/hobbies.bibibo.info\/wp-content\/uploads\/2020\/11\/Uebersicht-gross-1-300x225.jpg 300w, https:\/\/hobbies.bibibo.info\/wp-content\/uploads\/2020\/11\/Uebersicht-gross-1-768x576.jpg 768w, https:\/\/hobbies.bibibo.info\/wp-content\/uploads\/2020\/11\/Uebersicht-gross-1-1536x1152.jpg 1536w, https:\/\/hobbies.bibibo.info\/wp-content\/uploads\/2020\/11\/Uebersicht-gross-1-2048x1536.jpg 2048w\" sizes=\"auto, (max-width: 1024px) 100vw, 1024px\" \/><figcaption>B\u00fccher\u00fcbersicht von Ekkehardt L\u00f6w<\/figcaption><\/figure>\n\n\n\n<h3 class=\"has-text-align-center wp-block-heading\">Hier d\u00fcrfen alle B\u00fccher aufgef\u00fchrt werden, die von Biebertal handeln <br>oder in denen Biebertal oder seine Umgebung vorkommen.<\/h3>\n\n\n\n<p class=\"has-small-font-size\">Foto: Christoph Haus<\/p>\n\n\n\n<ul class=\"wp-block-list\"><li><a rel=\"noreferrer noopener\" href=\"https:\/\/hobbies.bibibo.info\/keltenkind\/\" target=\"_blank\"><strong>Keltenkind<\/strong><\/a><\/li><li><\/li><\/ul>\n\n\n\n<p><\/p>\n","protected":false},"excerpt":{"rendered":"<p>Hier d\u00fcrfen alle B\u00fccher aufgef\u00fchrt werden, die von Biebertal handeln oder in denen Biebertal oder seine Umgebung vorkommen. Foto: Christoph Haus Keltenkind<\/p>\n","protected":false},"author":5,"featured_media":0,"parent":0,"menu_order":0,"comment_status":"closed","ping_status":"closed","template":"","meta":{"inspiro_hide_title":false,"footnotes":""},"class_list":["post-557","page","type-page","status-publish","hentry"],"_links":{"self":[{"href":"https:\/\/hobbies.bibibo.info\/index.php?rest_route=\/wp\/v2\/pages\/557","targetHints":{"allow":["GET"]}}],"collection":[{"href":"https:\/\/hobbies.bibibo.info\/index.php?rest_route=\/wp\/v2\/pages"}],"about":[{"href":"https:\/\/hobbies.bibibo.info\/index.php?rest_route=\/wp\/v2\/types\/page"}],"author":[{"embeddable":true,"href":"https:\/\/hobbies.bibibo.info\/index.php?rest_route=\/wp\/v2\/users\/5"}],"replies":[{"embeddable":true,"href":"https:\/\/hobbies.bibibo.info\/index.php?rest_route=%2Fwp%2Fv2%2Fcomments&post=557"}],"version-history":[{"count":6,"href":"https:\/\/hobbies.bibibo.info\/index.php?rest_route=\/wp\/v2\/pages\/557\/revisions"}],"predecessor-version":[{"id":7967,"href":"https:\/\/hobbies.bibibo.info\/index.php?rest_route=\/wp\/v2\/pages\/557\/revisions\/7967"}],"wp:attachment":[{"href":"https:\/\/hobbies.bibibo.info\/index.php?rest_route=%2Fwp%2Fv2%2Fmedia&parent=557"}],"curies":[{"name":"wp","href":"https:\/\/api.w.org\/{rel}","templated":true}]}}