{"id":560,"date":"2020-11-08T09:15:16","date_gmt":"2020-11-08T08:15:16","guid":{"rendered":"https:\/\/hobbies.bibibo.de\/?page_id=560"},"modified":"2024-09-23T14:53:30","modified_gmt":"2024-09-23T12:53:30","slug":"buecher-lesenswert","status":"publish","type":"page","link":"https:\/\/hobbies.bibibo.info\/?page_id=560","title":{"rendered":"B\u00fccher &#8211; f\u00fcr lesenswert erachtet &#8211; eine \u00dcbersicht"},"content":{"rendered":"\n<figure class=\"wp-block-image aligncenter size-large is-resized\"><img loading=\"lazy\" decoding=\"async\" width=\"800\" height=\"533\" src=\"https:\/\/hobbies.bibibo.info\/wp-content\/uploads\/2020\/11\/buecher-auf-bibliotheks-regal-40007222.jpg\" alt=\"\" class=\"wp-image-562\" style=\"width:483px;height:322px\" srcset=\"https:\/\/hobbies.bibibo.info\/wp-content\/uploads\/2020\/11\/buecher-auf-bibliotheks-regal-40007222.jpg 800w, https:\/\/hobbies.bibibo.info\/wp-content\/uploads\/2020\/11\/buecher-auf-bibliotheks-regal-40007222-300x200.jpg 300w, https:\/\/hobbies.bibibo.info\/wp-content\/uploads\/2020\/11\/buecher-auf-bibliotheks-regal-40007222-768x512.jpg 768w, https:\/\/hobbies.bibibo.info\/wp-content\/uploads\/2020\/11\/buecher-auf-bibliotheks-regal-40007222-120x80.jpg 120w\" sizes=\"auto, (max-width: 800px) 100vw, 800px\" \/><figcaption class=\"wp-element-caption\"><strong>Bild: Dreamstime.com<\/strong><\/figcaption><\/figure>\n\n\n\n<h3 class=\"wp-block-heading has-text-align-center\">In dieser Kategorie d\u00fcrfen B\u00fccher aufgef\u00fchrt werden, <br>die Ihr (und wir) f\u00fcr lesenswert haltet und anderen gerne vorstellen m\u00f6chtet.<\/h3>\n\n\n\n<ul class=\"wp-block-list\">\n<li><strong><a rel=\"noreferrer noopener\" href=\"https:\/\/hobbies.bibibo.info\/anfaenge\/\" target=\"_blank\">Anf\u00e4nge<\/a><\/strong> (<strong>Fr\u00fchgeschichte <\/strong>&#8211; es muss nicht so gewesen sein, wie uns beigebracht wird; auch geschichtliche Einfl\u00fcsse indigener Lebensart auf <strong>Ideen der Aufkl\u00e4rung<\/strong> lassen neu auf die erz\u00e4hlte eurozentrierte Weltsicht schauen)<\/li>\n\n\n\n<li><strong><a rel=\"noreferrer noopener\" href=\"https:\/\/hobbies.bibibo.info\/kritische-auseinandersetzung-mit-der-bibel\/\" target=\"_blank\">Auch Adam hatte eine Mutter<\/a><\/strong> (Adam = hebr\u00e4isch f\u00fcr Mensch. Die Menschheit hat eine <strong>Geschichte <\/strong>und Adam war sicherlich nicht der einzige oder Urvater der Menschheit)<\/li>\n\n\n\n<li><strong><a rel=\"noreferrer noopener\" href=\"https:\/\/hobbies.bibibo.info\/blackout\/\" target=\"_blank\">Blackout<\/a><\/strong> (Roman &#8211; <strong>Stromausfall in Europa<\/strong> &#8211; angenommene Folgen; widerlegt von der Realit\u00e4t z.B. aktuell in der Ukranine oder durch &#8222;Im Grunde gut&#8220; &#8211; siehe unten)<\/li>\n\n\n\n<li><strong><a href=\"https:\/\/hobbies.bibibo.info\/coming-soon\/\" data-type=\"link\" data-id=\"https:\/\/hobbies.bibibo.info\/coming-soon\/\" target=\"_blank\" rel=\"noreferrer noopener\">Coming Soon<\/a><\/strong> von Dania Schiftan &#8211; alles was wir tun m\u00fcssen wir lernen, auch Sexualit\u00e4t<\/li>\n\n\n\n<li><strong><a rel=\"noreferrer noopener\" href=\"https:\/\/hobbies.bibibo.info\/das-dorf-der-toten-kinder-von-martina-straten\/\" target=\"_blank\">Das Dorf der toten Kinder<\/a><\/strong> von Martina Straten<\/li>\n\n\n\n<li><strong><a rel=\"noreferrer noopener\" href=\"https:\/\/hobbies.bibibo.info\/das-egoistische-gen\/\" target=\"_blank\">Das egoistische Gen<\/a><\/strong> (Evolutionsgeschichte)<\/li>\n\n\n\n<li><strong><a rel=\"noreferrer noopener\" href=\"https:\/\/hobbies.bibibo.info\/die-macht-der-meme\/\" target=\"_blank\">Die Macht der Meme<\/a><\/strong> (Entwicklung und Macht von <strong>W\u00f6rtern<\/strong>)<\/li>\n\n\n\n<li><strong><a href=\"https:\/\/hobbies.bibibo.info\/im-grunde-gut\/\" target=\"_blank\" rel=\"noreferrer noopener\">Im Grund gut<\/a><\/strong> (zum <strong>Menschenbild <\/strong>der Philosophen von <strong><a href=\"https:\/\/de.wikipedia.org\/wiki\/Jean-Jacques_Rousseau\" target=\"_blank\" rel=\"noreferrer noopener\">Rousseau <\/a><\/strong>oder <strong><a href=\"https:\/\/de.wikipedia.org\/wiki\/Thomas_Hobbes\" target=\"_blank\" rel=\"noreferrer noopener\">Hobbes<\/a><\/strong>, <strong>psychologische Befunde<\/strong>)<\/li>\n\n\n\n<li><strong><a href=\"https:\/\/hobbies.bibibo.info\/geistliches-und-natur-sind-kein-widerspruch\/\" data-type=\"link\" data-id=\"https:\/\/hobbies.bibibo.info\/geistliches-und-natur-sind-kein-widerspruch\/\" target=\"_blank\" rel=\"noreferrer noopener\">Im Einklang mit der Natur <\/a><\/strong>&#8211; Alan Watts, Religionsphilosoph<\/li>\n\n\n\n<li><strong><a rel=\"noreferrer noopener\" href=\"https:\/\/hobbies.bibibo.info\/archaeologie-und-bibel\/\" target=\"_blank\">Keine Posaunen vor Jericho<\/a><\/strong> (Arch\u00e4ologie, keine Region der Welt wurde so intensiv umgegraben wie der Nahen Osten &#8211; so manch ein Befund stimmt nicht mit den Darstellungen der <strong>Bibel<\/strong> \u00fcberein)<\/li>\n\n\n\n<li><strong><a rel=\"noreferrer noopener\" href=\"https:\/\/hobbies.bibibo.info\/5-sprachen-der-liebe\/\" data-type=\"link\" data-id=\"https:\/\/hobbies.bibibo.info\/5-sprachen-der-liebe\/\" target=\"_blank\">5 Sprachen der Liebe<\/a><\/strong> (Missverst\u00e4ndnisse und Entt\u00e4uschungen vermeiden, besser verstehen wo es in der Kommunikation haken k\u00f6nnte.)<\/li>\n\n\n\n<li><strong><a rel=\"noreferrer noopener\" href=\"https:\/\/hobbies.bibibo.info\/the-circle\/\" target=\"_blank\">The Circle<\/a> <\/strong>(Roman und Film \u00fcber die Gefahren der \u00dcberwachung)<\/li>\n\n\n\n<li><strong><a rel=\"noreferrer noopener\" href=\"https:\/\/hobbies.bibibo.info\/aberglauben-unwissen-machtgier-im-mittelalter\/\" target=\"_blank\">Tod und Teufel<\/a><\/strong> (<strong>Historischer Roman<\/strong> &#8211; in K\u00f6ln spielend)<\/li>\n\n\n\n<li><strong><a rel=\"noreferrer noopener\" href=\"https:\/\/hobbies.bibibo.info\/was-wenn-wir-einfach-die-welt-retten\/\" target=\"_blank\">Was, wenn wir einfach die Welt retten<\/a><\/strong> (Fakten zur <strong>Klimakrise<\/strong>)<\/li>\n\n\n\n<li><strong><a href=\"https:\/\/hobbies.bibibo.info\/was-wir-glauben-wer-wir-sind\/\">Was wir glauben, wer wir sind<\/a><\/strong> von <strong><a href=\"https:\/\/www.bing.com\/videos\/search?q=was+wir+glauben+wer+wir+sind&amp;docid=603524990542163911&amp;mid=A7554F6CF5F5947EF0EAA7554F6CF5F5947EF0EA&amp;view=detail&amp;FORM=VIRE\">Nesibe \u00d6zdemir<\/a><\/strong> &#8211; endlich verst\u00e4ndliche <strong>Psychologie<\/strong>, \u00fcber Glaubenssysteme <\/li>\n\n\n\n<li><strong><a href=\"https:\/\/hobbies.bibibo.info\/weisst-du-was-du-wirklich-willst\/\" data-type=\"link\" data-id=\"https:\/\/hobbies.bibibo.info\/weisst-du-was-du-wirklich-willst\/\" target=\"_blank\" rel=\"noreferrer noopener\">Wei\u00dft du, was du wirklich willst<\/a><\/strong> von Charlotte Fox Weber &#8211; 12 beispielhafte Beweggr\u00fcnde<\/li>\n\n\n\n<li><strong><a href=\"https:\/\/hobbies.bibibo.info\/geistliches-und-natur-sind-kein-widerspruch\/\" data-type=\"link\" data-id=\"https:\/\/hobbies.bibibo.info\/geistliches-und-natur-sind-kein-widerspruch\/\" target=\"_blank\" rel=\"noreferrer noopener\">Wilde Kirche<\/a><\/strong>, Jan Frerichs<\/li>\n\n\n\n<li><strong><a href=\"https:\/\/hobbies.bibibo.info\/wir-erwachsenen-trennungskinder\/\" data-type=\"link\" data-id=\"https:\/\/hobbies.bibibo.info\/wir-erwachsenen-trennungskinder\/\" target=\"_blank\" rel=\"noreferrer noopener\">Wir erwachsenen Trennungskinder<\/a><\/strong> von Inke Hummel und Julia Theeg &#8211; \u00fcber die Folgen kindlicher Traumata und Vernachl\u00e4ssigungen &#8211; nicht nur bei Trennungskindern!<\/li>\n<\/ul>\n","protected":false},"excerpt":{"rendered":"<p>In dieser Kategorie d\u00fcrfen B\u00fccher aufgef\u00fchrt werden, die Ihr (und wir) f\u00fcr lesenswert haltet und anderen gerne vorstellen m\u00f6chtet.<\/p>\n","protected":false},"author":5,"featured_media":0,"parent":0,"menu_order":0,"comment_status":"closed","ping_status":"closed","template":"","meta":{"inspiro_hide_title":false,"footnotes":""},"class_list":["post-560","page","type-page","status-publish","hentry"],"_links":{"self":[{"href":"https:\/\/hobbies.bibibo.info\/index.php?rest_route=\/wp\/v2\/pages\/560","targetHints":{"allow":["GET"]}}],"collection":[{"href":"https:\/\/hobbies.bibibo.info\/index.php?rest_route=\/wp\/v2\/pages"}],"about":[{"href":"https:\/\/hobbies.bibibo.info\/index.php?rest_route=\/wp\/v2\/types\/page"}],"author":[{"embeddable":true,"href":"https:\/\/hobbies.bibibo.info\/index.php?rest_route=\/wp\/v2\/users\/5"}],"replies":[{"embeddable":true,"href":"https:\/\/hobbies.bibibo.info\/index.php?rest_route=%2Fwp%2Fv2%2Fcomments&post=560"}],"version-history":[{"count":23,"href":"https:\/\/hobbies.bibibo.info\/index.php?rest_route=\/wp\/v2\/pages\/560\/revisions"}],"predecessor-version":[{"id":20934,"href":"https:\/\/hobbies.bibibo.info\/index.php?rest_route=\/wp\/v2\/pages\/560\/revisions\/20934"}],"wp:attachment":[{"href":"https:\/\/hobbies.bibibo.info\/index.php?rest_route=%2Fwp%2Fv2%2Fmedia&parent=560"}],"curies":[{"name":"wp","href":"https:\/\/api.w.org\/{rel}","templated":true}]}}