{"id":58,"date":"2020-04-01T12:44:41","date_gmt":"2020-04-01T10:44:41","guid":{"rendered":"https:\/\/hobbies.bibibo.de\/?page_id=58"},"modified":"2020-04-03T16:27:52","modified_gmt":"2020-04-03T14:27:52","slug":"christrosen","status":"publish","type":"page","link":"https:\/\/hobbies.bibibo.info\/?page_id=58","title":{"rendered":"Lenzrosen von Eveline"},"content":{"rendered":"\n<figure class=\"wp-block-gallery columns-3 is-cropped wp-block-gallery-1 is-layout-flex wp-block-gallery-is-layout-flex\"><ul class=\"blocks-gallery-grid\"><li class=\"blocks-gallery-item\"><figure><img loading=\"lazy\" decoding=\"async\" width=\"1024\" height=\"677\" src=\"https:\/\/hobbies.bibibo.info\/wp-content\/uploads\/2020\/04\/FarbenGr\u00f6\u00dfenP1120050-1024x677.jpg\" alt=\"\" data-id=\"135\" data-full-url=\"https:\/\/hobbies.bibibo.info\/wp-content\/uploads\/2020\/04\/FarbenGr\u00f6\u00dfenP1120050-scaled.jpg\" data-link=\"https:\/\/hobbies.bibibo.info\/christrosen\/farbengroessenp1120050\/\" class=\"wp-image-135\" srcset=\"https:\/\/hobbies.bibibo.info\/wp-content\/uploads\/2020\/04\/FarbenGr\u00f6\u00dfenP1120050-1024x677.jpg 1024w, https:\/\/hobbies.bibibo.info\/wp-content\/uploads\/2020\/04\/FarbenGr\u00f6\u00dfenP1120050-300x198.jpg 300w, https:\/\/hobbies.bibibo.info\/wp-content\/uploads\/2020\/04\/FarbenGr\u00f6\u00dfenP1120050-768x508.jpg 768w, https:\/\/hobbies.bibibo.info\/wp-content\/uploads\/2020\/04\/FarbenGr\u00f6\u00dfenP1120050-1536x1016.jpg 1536w, https:\/\/hobbies.bibibo.info\/wp-content\/uploads\/2020\/04\/FarbenGr\u00f6\u00dfenP1120050-2048x1354.jpg 2048w, https:\/\/hobbies.bibibo.info\/wp-content\/uploads\/2020\/04\/FarbenGr\u00f6\u00dfenP1120050-120x80.jpg 120w\" sizes=\"auto, (max-width: 1024px) 100vw, 1024px\" \/><\/figure><\/li><li class=\"blocks-gallery-item\"><figure><img loading=\"lazy\" decoding=\"async\" width=\"1024\" height=\"790\" src=\"https:\/\/hobbies.bibibo.info\/wp-content\/uploads\/2020\/04\/gef\u00fclltP1110999-1024x790.jpg\" alt=\"\" data-id=\"136\" data-full-url=\"https:\/\/hobbies.bibibo.info\/wp-content\/uploads\/2020\/04\/gef\u00fclltP1110999-scaled.jpg\" data-link=\"https:\/\/hobbies.bibibo.info\/christrosen\/gefuelltp1110999\/\" class=\"wp-image-136\" srcset=\"https:\/\/hobbies.bibibo.info\/wp-content\/uploads\/2020\/04\/gef\u00fclltP1110999-1024x790.jpg 1024w, https:\/\/hobbies.bibibo.info\/wp-content\/uploads\/2020\/04\/gef\u00fclltP1110999-300x231.jpg 300w, https:\/\/hobbies.bibibo.info\/wp-content\/uploads\/2020\/04\/gef\u00fclltP1110999-768x592.jpg 768w, https:\/\/hobbies.bibibo.info\/wp-content\/uploads\/2020\/04\/gef\u00fclltP1110999-1536x1185.jpg 1536w, https:\/\/hobbies.bibibo.info\/wp-content\/uploads\/2020\/04\/gef\u00fclltP1110999-2048x1580.jpg 2048w\" sizes=\"auto, (max-width: 1024px) 100vw, 1024px\" \/><\/figure><\/li><li class=\"blocks-gallery-item\"><figure><img loading=\"lazy\" decoding=\"async\" width=\"1024\" height=\"576\" src=\"https:\/\/hobbies.bibibo.info\/wp-content\/uploads\/2020\/04\/Hell.DorfP1120032-1024x576.jpg\" alt=\"\" data-id=\"137\" data-full-url=\"https:\/\/hobbies.bibibo.info\/wp-content\/uploads\/2020\/04\/Hell.DorfP1120032-scaled.jpg\" data-link=\"https:\/\/hobbies.bibibo.info\/christrosen\/hell-dorfp1120032\/\" class=\"wp-image-137\" srcset=\"https:\/\/hobbies.bibibo.info\/wp-content\/uploads\/2020\/04\/Hell.DorfP1120032-1024x576.jpg 1024w, https:\/\/hobbies.bibibo.info\/wp-content\/uploads\/2020\/04\/Hell.DorfP1120032-300x169.jpg 300w, https:\/\/hobbies.bibibo.info\/wp-content\/uploads\/2020\/04\/Hell.DorfP1120032-768x432.jpg 768w, https:\/\/hobbies.bibibo.info\/wp-content\/uploads\/2020\/04\/Hell.DorfP1120032-1536x865.jpg 1536w, https:\/\/hobbies.bibibo.info\/wp-content\/uploads\/2020\/04\/Hell.DorfP1120032-2048x1153.jpg 2048w\" sizes=\"auto, (max-width: 1024px) 100vw, 1024px\" \/><\/figure><\/li><li class=\"blocks-gallery-item\"><figure><img loading=\"lazy\" decoding=\"async\" width=\"1024\" height=\"955\" src=\"https:\/\/hobbies.bibibo.info\/wp-content\/uploads\/2020\/04\/Rote-Balgfr\u00fcchteIMG_3795-1920-1024x955.jpg\" alt=\"\" data-id=\"138\" data-full-url=\"https:\/\/hobbies.bibibo.info\/wp-content\/uploads\/2020\/04\/Rote-Balgfr\u00fcchteIMG_3795-1920.jpg\" data-link=\"https:\/\/hobbies.bibibo.info\/christrosen\/rote-balgfruechteimg_3795-1920\/\" class=\"wp-image-138\" srcset=\"https:\/\/hobbies.bibibo.info\/wp-content\/uploads\/2020\/04\/Rote-Balgfr\u00fcchteIMG_3795-1920-1024x955.jpg 1024w, https:\/\/hobbies.bibibo.info\/wp-content\/uploads\/2020\/04\/Rote-Balgfr\u00fcchteIMG_3795-1920-300x280.jpg 300w, https:\/\/hobbies.bibibo.info\/wp-content\/uploads\/2020\/04\/Rote-Balgfr\u00fcchteIMG_3795-1920-768x716.jpg 768w, https:\/\/hobbies.bibibo.info\/wp-content\/uploads\/2020\/04\/Rote-Balgfr\u00fcchteIMG_3795-1920-1536x1433.jpg 1536w, https:\/\/hobbies.bibibo.info\/wp-content\/uploads\/2020\/04\/Rote-Balgfr\u00fcchteIMG_3795-1920.jpg 1920w\" sizes=\"auto, (max-width: 1024px) 100vw, 1024px\" \/><\/figure><\/li><li class=\"blocks-gallery-item\"><figure><img loading=\"lazy\" decoding=\"async\" width=\"1024\" height=\"576\" src=\"https:\/\/hobbies.bibibo.info\/wp-content\/uploads\/2020\/04\/viele-Bl\u00fctenk\u00f6pfeP1120052-Kopie-1024x576.jpg\" alt=\"\" data-id=\"139\" data-full-url=\"https:\/\/hobbies.bibibo.info\/wp-content\/uploads\/2020\/04\/viele-Bl\u00fctenk\u00f6pfeP1120052-Kopie-scaled.jpg\" data-link=\"https:\/\/hobbies.bibibo.info\/christrosen\/viele-bluetenkoepfep1120052-kopie\/\" class=\"wp-image-139\" srcset=\"https:\/\/hobbies.bibibo.info\/wp-content\/uploads\/2020\/04\/viele-Bl\u00fctenk\u00f6pfeP1120052-Kopie-1024x576.jpg 1024w, https:\/\/hobbies.bibibo.info\/wp-content\/uploads\/2020\/04\/viele-Bl\u00fctenk\u00f6pfeP1120052-Kopie-300x169.jpg 300w, https:\/\/hobbies.bibibo.info\/wp-content\/uploads\/2020\/04\/viele-Bl\u00fctenk\u00f6pfeP1120052-Kopie-768x432.jpg 768w, https:\/\/hobbies.bibibo.info\/wp-content\/uploads\/2020\/04\/viele-Bl\u00fctenk\u00f6pfeP1120052-Kopie-1536x865.jpg 1536w, https:\/\/hobbies.bibibo.info\/wp-content\/uploads\/2020\/04\/viele-Bl\u00fctenk\u00f6pfeP1120052-Kopie-2048x1153.jpg 2048w\" sizes=\"auto, (max-width: 1024px) 100vw, 1024px\" \/><\/figure><\/li><\/ul><\/figure>\n\n\n\n<p>Viele meiner Hobbies drehen sich um Pflanzen. Eigentlich ist das gezielte Sammeln von Lenzrosen <em>(Helleborus orientalis)<\/em> schon einige Jahre in den Hintergrund ger\u00fcckt. <strong>In unserem Garten stehen inzwischen mehr als 50 bl\u00fchende Exemplare. <\/strong>\u00a0Au\u00dferdem kommen in jedem Jahr ein paar S\u00e4mlinge zur Bl\u00fcte. Dabei erlebe ich sch\u00f6ne \u00dcberraschungen. Erstmals zeigten sich in diesem Jahr <strong>zwei Pflanzen mit gef\u00fcllten Bl\u00fcten<\/strong>. Es gibt <strong>Farbunterschiede bei den Nektarbl\u00e4ttern.<\/strong> Meistens sind sie gr\u00fcn, aber gelegentlich erscheinen sie in zartem Gelb oder Purpur. An einer Pflanze habe ich vor ein paar Tagen sogar <strong>purpurfarbene Balgfr\u00fcchte<\/strong> entdeckt. Sonst sind sie gr\u00fcn. Manche Pflanzen erreichen eine H\u00f6he von 50 cm, andere gucken gerade 15 cm \u00fcber den Boden. Es gibt gro\u00dfe und kleine Bl\u00fcten. Einige sind schalenf\u00f6rmig rund, andere sehen ein bisschen zerfleddert aus. Die ersten kommen ab Mitte Januar in Bl\u00fcte, die letzten 4-6 Wochen sp\u00e4ter. <strong>Aber insgesamt dauert die Bl\u00fctezeit gut 8 Wochen.<\/strong><\/p>\n\n\n\n<p>Ich werde im April bis Mai weitere Pflanzen umsetzen. Die Lenzrosenbl\u00fcten sind sch\u00f6n bis zur Samenreife Mitte Mai. Anschlie\u00dfend schneide ich die St\u00e4ngel ab. Aber bis dahin haben die neuen Bl\u00e4tter ausgetrieben, die das ganze Jahr den Boden bedecken und \u00fcberhaupt nicht langweilig aussehen \u2013 und in Str\u00e4u\u00dfen und Gestecken sehr haltbar sind. &nbsp;Die Bl\u00e4tter lassen kein Unkraut aufkommen, sind also super Bodendecker. &nbsp;Die Pflanzen lieben es, im Sommer trockener zu stehen. Mitte Januar schneide ich alle alten Bl\u00e4tter ab. Das muss nicht sein, aber so sieht man die Bl\u00fcten besser sowie die Schneegl\u00f6ckchen, Winterlinge und weitere kleine Fr\u00fchlingsblumen, die darunter stehen und dadurch ebenfalls vor Trockenheit und Regen gesch\u00fctzt sind.<\/p>\n\n\n\n<p>Insgesamt erfordern unsere vielen Lenzrosen h\u00f6chstens 4 Stunden Arbeit im Jahr. Durch ihre anderen Eigenschaften sind sie <strong>hervorragend geeignet f\u00fcr die &#8222;faulen G\u00e4rtner&#8220; und die alte G\u00e4rtnerin. <\/strong>Sie sind <strong>an die sich \u00e4ndernden Klimabedingungen angepasst<\/strong> und liefern schon <strong>Nahrung,<\/strong> wenn die <strong>ersten Hummeln<\/strong> unterwegs sind, bei warmem M\u00e4rzwetter auch <strong>f\u00fcr viele andere Insekten<\/strong>vertreter.<\/p>\n","protected":false},"excerpt":{"rendered":"<p>Viele meiner Hobbies drehen sich um Pflanzen. Eigentlich ist das gezielte Sammeln von Lenzrosen (Helleborus orientalis) schon einige Jahre in den Hintergrund ger\u00fcckt. In unserem Garten stehen inzwischen mehr als 50 bl\u00fchende Exemplare. \u00a0Au\u00dferdem kommen in jedem Jahr ein paar S\u00e4mlinge zur Bl\u00fcte. Dabei erlebe ich sch\u00f6ne \u00dcberraschungen. Erstmals zeigten sich in diesem Jahr zwei &hellip; <\/p>\n<p class=\"link-more\"><a href=\"https:\/\/hobbies.bibibo.info\/?page_id=58\" class=\"more-link\">Mehr <span class=\"screen-reader-text\">\u00fcber &#8222;Lenzrosen von Eveline&#8220; <\/span>Lesen<\/a><\/p>\n","protected":false},"author":1,"featured_media":0,"parent":0,"menu_order":0,"comment_status":"closed","ping_status":"closed","template":"","meta":{"inspiro_hide_title":false,"footnotes":""},"class_list":["post-58","page","type-page","status-publish","hentry"],"_links":{"self":[{"href":"https:\/\/hobbies.bibibo.info\/index.php?rest_route=\/wp\/v2\/pages\/58","targetHints":{"allow":["GET"]}}],"collection":[{"href":"https:\/\/hobbies.bibibo.info\/index.php?rest_route=\/wp\/v2\/pages"}],"about":[{"href":"https:\/\/hobbies.bibibo.info\/index.php?rest_route=\/wp\/v2\/types\/page"}],"author":[{"embeddable":true,"href":"https:\/\/hobbies.bibibo.info\/index.php?rest_route=\/wp\/v2\/users\/1"}],"replies":[{"embeddable":true,"href":"https:\/\/hobbies.bibibo.info\/index.php?rest_route=%2Fwp%2Fv2%2Fcomments&post=58"}],"version-history":[{"count":6,"href":"https:\/\/hobbies.bibibo.info\/index.php?rest_route=\/wp\/v2\/pages\/58\/revisions"}],"predecessor-version":[{"id":178,"href":"https:\/\/hobbies.bibibo.info\/index.php?rest_route=\/wp\/v2\/pages\/58\/revisions\/178"}],"wp:attachment":[{"href":"https:\/\/hobbies.bibibo.info\/index.php?rest_route=%2Fwp%2Fv2%2Fmedia&parent=58"}],"curies":[{"name":"wp","href":"https:\/\/api.w.org\/{rel}","templated":true}]}}