{"id":647,"date":"2020-11-22T09:30:26","date_gmt":"2020-11-22T08:30:26","guid":{"rendered":"https:\/\/hobbies.bibibo.de\/?page_id=647"},"modified":"2020-11-22T09:36:26","modified_gmt":"2020-11-22T08:36:26","slug":"zwergseidenhuehner","status":"publish","type":"page","link":"https:\/\/hobbies.bibibo.info\/?page_id=647","title":{"rendered":"Zwergseidenh\u00fchner"},"content":{"rendered":"\n<div class=\"wp-block-image\"><figure class=\"aligncenter size-large\"><img loading=\"lazy\" decoding=\"async\" width=\"768\" height=\"1024\" src=\"https:\/\/hobbies.bibibo.info\/wp-content\/uploads\/2020\/11\/Huehner4-768x1024-1.jpg\" alt=\"H\u00fchner\" class=\"wp-image-625\" srcset=\"https:\/\/hobbies.bibibo.info\/wp-content\/uploads\/2020\/11\/Huehner4-768x1024-1.jpg 768w, https:\/\/hobbies.bibibo.info\/wp-content\/uploads\/2020\/11\/Huehner4-768x1024-1-225x300.jpg 225w\" sizes=\"auto, (max-width: 768px) 100vw, 768px\" \/><figcaption>Zwergseidenh\u00fchner<\/figcaption><\/figure><\/div>\n\n\n\n<p>Das\u00a0<strong>Seidenhuhn<\/strong>\u00a0ist eine Rasse des\u00a0Haushuhns. Es gibt verschiedene Formen vom Seidenhuhn: Das\u00a0<em>Japanische Seidenhuhn<\/em>\u00a0mit schwarzer Haut und das\u00a0<em>Siamesische Seidenhuhn<\/em>\u00a0mit wei\u00dfer Haut als\u00a0<em>Gro\u00dfe-Seidenhuhn<\/em>\u00a0und auch als\u00a0Zwerg-Seidenhuhn. <\/p>\n\n\n\n<p>Seidenh\u00fchner sind etwas kleiner als normale H\u00fchner. M\u00e4nnliche Seidenh\u00fchner besitzen einen maulbeerf\u00f6rmigen Kamm. Die Besonderheiten an den Seidenh\u00fchnern sind ihre f\u00fcnf Zehen und die schwarzblaue Haut. Ihre\u00a0Federn\u00a0wirken ausgefranst und fellartig. Das liegt daran, dass den\u00a0Konturfedern\u00a0die Hakenstrahlen an den Neben\u00e4sten fehlen, die die Federn normalerweise zu einer zusammenh\u00e4ngenden Fl\u00e4che verbinden. Au\u00dferdem haben die Federn der Seidenh\u00fchner einen weichen Schaft. Daher sind sie\u00a0flugunf\u00e4hig\u00a0und sind f\u00fcr niedrig eingez\u00e4unte\u00a0Gehege\u00a0geeignet. Ihre eingef\u00e4rbten Federn werden auch zum Basteln im Bastelladen verkauft.<\/p>\n\n\n\n<p class=\"has-small-font-size\">Quelle: <a href=\"https:\/\/de.wikipedia.org\/wiki\/Seidenhuhn\" target=\"_blank\" rel=\"noreferrer noopener\">https:\/\/de.wikipedia.org\/wiki\/Seidenhuhn<\/a><\/p>\n","protected":false},"excerpt":{"rendered":"<p>Das\u00a0Seidenhuhn\u00a0ist eine Rasse des\u00a0Haushuhns. Es gibt verschiedene Formen vom Seidenhuhn: Das\u00a0Japanische Seidenhuhn\u00a0mit schwarzer Haut und das\u00a0Siamesische Seidenhuhn\u00a0mit wei\u00dfer Haut als\u00a0Gro\u00dfe-Seidenhuhn\u00a0und auch als\u00a0Zwerg-Seidenhuhn. Seidenh\u00fchner sind etwas kleiner als normale H\u00fchner. M\u00e4nnliche Seidenh\u00fchner besitzen einen maulbeerf\u00f6rmigen Kamm. Die Besonderheiten an den Seidenh\u00fchnern sind ihre f\u00fcnf Zehen und die schwarzblaue Haut. Ihre\u00a0Federn\u00a0wirken ausgefranst und fellartig. Das liegt daran, &hellip; <\/p>\n<p class=\"link-more\"><a href=\"https:\/\/hobbies.bibibo.info\/?page_id=647\" class=\"more-link\">Mehr <span class=\"screen-reader-text\">\u00fcber &#8222;Zwergseidenh\u00fchner&#8220; <\/span>Lesen<\/a><\/p>\n","protected":false},"author":5,"featured_media":0,"parent":0,"menu_order":0,"comment_status":"closed","ping_status":"closed","template":"","meta":{"inspiro_hide_title":false,"footnotes":""},"class_list":["post-647","page","type-page","status-publish","hentry"],"_links":{"self":[{"href":"https:\/\/hobbies.bibibo.info\/index.php?rest_route=\/wp\/v2\/pages\/647","targetHints":{"allow":["GET"]}}],"collection":[{"href":"https:\/\/hobbies.bibibo.info\/index.php?rest_route=\/wp\/v2\/pages"}],"about":[{"href":"https:\/\/hobbies.bibibo.info\/index.php?rest_route=\/wp\/v2\/types\/page"}],"author":[{"embeddable":true,"href":"https:\/\/hobbies.bibibo.info\/index.php?rest_route=\/wp\/v2\/users\/5"}],"replies":[{"embeddable":true,"href":"https:\/\/hobbies.bibibo.info\/index.php?rest_route=%2Fwp%2Fv2%2Fcomments&post=647"}],"version-history":[{"count":4,"href":"https:\/\/hobbies.bibibo.info\/index.php?rest_route=\/wp\/v2\/pages\/647\/revisions"}],"predecessor-version":[{"id":656,"href":"https:\/\/hobbies.bibibo.info\/index.php?rest_route=\/wp\/v2\/pages\/647\/revisions\/656"}],"wp:attachment":[{"href":"https:\/\/hobbies.bibibo.info\/index.php?rest_route=%2Fwp%2Fv2%2Fmedia&parent=647"}],"curies":[{"name":"wp","href":"https:\/\/api.w.org\/{rel}","templated":true}]}}